{"id":2,"date":"2026-02-03T03:48:21","date_gmt":"2026-02-03T03:48:21","guid":{"rendered":"https:\/\/apartamentyolenka.pl\/?page_id=2"},"modified":"2026-03-30T08:40:09","modified_gmt":"2026-03-30T08:40:09","slug":"glowna","status":"publish","type":"page","link":"https:\/\/apartamentyolenka.pl\/","title":{"rendered":"G\u0142\u00f3wna"},"content":{"rendered":"<h1 style=\"text-align: center;\">Apartamenty Ole\u0144ka \u2013 komfortowe noclegi w Ustce blisko pla\u017cy<\/h1>\n<p style=\"text-align: center;\">Szukasz komfortowego noclegu w Ustce blisko morza?<\/p>\n<p style=\"text-align: center;\"><strong>Apartamenty Ole\u0144ka to idealne miejsce na wypoczynek dla par, rodzin z dzie\u0107mi oraz os\u00f3b ceni\u0105cych spok\u00f3j i wygod\u0119.<\/strong><\/p>\n<p style=\"text-align: center;\">Nasze apartamenty znajduj\u0105 si\u0119 w centrum Ustki, zaledwie 300 metr\u00f3w od pla\u017cy, co oznacza oko\u0142o 5 minuty spacerem do morza. To doskona\u0142a lokalizacja zar\u00f3wno na letni urlop, jak i weekendowy wyjazd nad Ba\u0142tyk.<\/p>\n<p style=\"text-align: center;\">Oferujemy w pe\u0142ni wyposa\u017cone apartamenty z aneksem kuchennym, prywatn\u0105 \u0142azienk\u0105, klimatyzacj\u0105 oraz dost\u0119pem do WiFi. Do dyspozycji go\u015bci jest r\u00f3wnie\u017c parking, co jest du\u017cym udogodnieniem w sezonie letnim w Ustce.<\/p>\n<p><strong>Apartamenty Ole\u0144ka to \u015bwietny wyb\u00f3r dla:<\/strong><\/p>\n<ul>\n<li>rodzin z dzie\u0107mi szukaj\u0105cych bezpiecznego noclegu blisko pla\u017cy<\/li>\n<li>par planuj\u0105cych romantyczny pobyt nad morzem<\/li>\n<li>os\u00f3b, kt\u00f3re chc\u0105 mie\u0107 wszystko w zasi\u0119gu spaceru<\/li>\n<\/ul>\n<p style=\"text-align: center;\">Dzi\u0119ki dogodnej lokalizacji blisko centrum Ustki, promenady i atrakcji turystycznych, mo\u017cesz w pe\u0142ni korzysta\u0107 z urok\u00f3w nadmorskiego kurortu bez konieczno\u015bci u\u017cywania samochodu.<\/p>\n<p style=\"text-align: center;\">Je\u015bli zastanawiasz si\u0119, gdzie nocowa\u0107 w Ustce blisko pla\u017cy \u2013 Apartamenty Ole\u0144ka to sprawdzony wyb\u00f3r.<\/p>\n<p data-start=\"758\" data-end=\"895\">\u00a0<\/p>\n<p style=\"text-align: center;\" data-start=\"897\" data-end=\"977\">&#x2728; <strong data-start=\"899\" data-end=\"977\">Wygoda jak w domu, lokalizacja jak z marze\u0144 \u2013 a wszystko w \u015bwietnej cenie!<\/strong><\/p>\n<p style=\"text-align: center;\" data-start=\"979\" data-end=\"1045\" data-is-last-node=\"\" data-is-only-node=\"\">Zarezerwuj sw\u00f3j pobyt i poczuj wyj\u0105tkowy klimat nadmorskiej Ustki!<\/p>\n\n<div class=\"wp-block-image\">\n<figure class=\"aligncenter size-large\"><img loading=\"lazy\" decoding=\"async\" width=\"784\" height=\"1024\" src=\"https:\/\/apartamentyolenka.pl\/wp-content\/uploads\/2026\/02\/Glowna-nowe-784x1024.jpeg\" alt=\"\" class=\"wp-image-131\" srcset=\"https:\/\/apartamentyolenka.pl\/wp-content\/uploads\/2026\/02\/Glowna-nowe-784x1024.jpeg 784w, https:\/\/apartamentyolenka.pl\/wp-content\/uploads\/2026\/02\/Glowna-nowe-230x300.jpeg 230w, https:\/\/apartamentyolenka.pl\/wp-content\/uploads\/2026\/02\/Glowna-nowe-768x1003.jpeg 768w, https:\/\/apartamentyolenka.pl\/wp-content\/uploads\/2026\/02\/Glowna-nowe-1176x1536.jpeg 1176w, https:\/\/apartamentyolenka.pl\/wp-content\/uploads\/2026\/02\/Glowna-nowe-1130x1476.jpeg 1130w, https:\/\/apartamentyolenka.pl\/wp-content\/uploads\/2026\/02\/Glowna-nowe-760x993.jpeg 760w, https:\/\/apartamentyolenka.pl\/wp-content\/uploads\/2026\/02\/Glowna-nowe.jpeg 1225w\" sizes=\"auto, (max-width: 784px) 100vw, 784px\" \/><\/figure>\n<\/div>\n\n\n<p><\/p>\n","protected":false},"excerpt":{"rendered":"<p>Apartamenty Ole\u0144ka \u2013 komfortowe noclegi w Ustce blisko pla\u017cy Szukasz komfortowego noclegu w Ustce blisko morza? Apartamenty Ole\u0144ka to idealne miejsce na wypoczynek dla par, rodzin z dzie\u0107mi oraz os\u00f3b ceni\u0105cych spok\u00f3j i wygod\u0119. Nasze apartamenty znajduj\u0105 si\u0119 w centrum&#8230;<\/p>\n","protected":false},"author":1,"featured_media":0,"parent":0,"menu_order":0,"comment_status":"closed","ping_status":"closed","template":"template-full-width-page.php","meta":{"footnotes":""},"class_list":["post-2","page","type-page","status-publish","hentry"],"_links":{"self":[{"href":"https:\/\/apartamentyolenka.pl\/index.php?rest_route=\/wp\/v2\/pages\/2","targetHints":{"allow":["GET"]}}],"collection":[{"href":"https:\/\/apartamentyolenka.pl\/index.php?rest_route=\/wp\/v2\/pages"}],"about":[{"href":"https:\/\/apartamentyolenka.pl\/index.php?rest_route=\/wp\/v2\/types\/page"}],"author":[{"embeddable":true,"href":"https:\/\/apartamentyolenka.pl\/index.php?rest_route=\/wp\/v2\/users\/1"}],"replies":[{"embeddable":true,"href":"https:\/\/apartamentyolenka.pl\/index.php?rest_route=%2Fwp%2Fv2%2Fcomments&post=2"}],"version-history":[{"count":13,"href":"https:\/\/apartamentyolenka.pl\/index.php?rest_route=\/wp\/v2\/pages\/2\/revisions"}],"predecessor-version":[{"id":240,"href":"https:\/\/apartamentyolenka.pl\/index.php?rest_route=\/wp\/v2\/pages\/2\/revisions\/240"}],"wp:attachment":[{"href":"https:\/\/apartamentyolenka.pl\/index.php?rest_route=%2Fwp%2Fv2%2Fmedia&parent=2"}],"curies":[{"name":"wp","href":"https:\/\/api.w.org\/{rel}","templated":true}]}}