{"id":56,"date":"2026-02-14T17:06:41","date_gmt":"2026-02-14T17:06:41","guid":{"rendered":"https:\/\/apartamentyolenka.pl\/?page_id=56"},"modified":"2026-03-18T09:54:13","modified_gmt":"2026-03-18T09:54:13","slug":"rezerwacje","status":"publish","type":"page","link":"https:\/\/apartamentyolenka.pl\/?page_id=56","title":{"rendered":"Rezerwacje"},"content":{"rendered":"<p>Wst\u0119pnej rezerwacji apartamentu dokonuje si\u0119 drog\u0105 mailow\u0105 lub telefonicznie.<\/p>\n<p>Po dokonaniu wst\u0119pnej rezerwacji, rezerwuj\u0105cy otrzyma e-mailem potwierdzenie. Zadatek w wysoko\u015bci max. 25% warto\u015bci wynajmu powinien zosta\u0107 wp\u0142acony w ci\u0105gu 2 dni od momentu dokonania rezerwacji. Brak dokonania wp\u0142aty zadatku w ci\u0105gu 2 dni spowoduje jej anulowanie. Po dokonaniu wp\u0142aty zadatku jego zwrot nie przys\u0142uguje.<\/p>\n<p>W miar\u0119 mo\u017cliwo\u015bci istnieje natomiast mo\u017cliwo\u015b\u0107 zamiany terminu lub przeniesienia rezerwacji na innego klienta. Ch\u0119\u0107 zmiany terminu lub przeniesienia rezerwacji na innego klienta nale\u017cy zg\u0142osi\u0107 nie p\u00f3\u017aniej ni\u017c 14 dni przed planowanym terminem przyjazdu, natomiast termin pobytu mo\u017cna przesun\u0105\u0107 maksymalnie o 90 dni (d\u0142ugo\u015b\u0107 pobytu nie ulega zmianie!).<\/p>\n<h3>ZAMELDOWANIE<\/h3>\n<p>Go\u015b\u0107 apartamentu winien uregulowa\u0107 nale\u017cno\u015b\u0107 za pobyt w dniu przyjazdu (w got\u00f3wce), a tak\u017ce wype\u0142ni\u0107 karty meldunkowe w trakcie meldowania. Do zameldowania wymagany jest dow\u00f3d osobisty lub inny dokument stwierdzaj\u0105cy to\u017csamo\u015b\u0107.<\/p>\n<p>Na miejscu pobierana jest op\u0142ata klimatyczna.<\/p>\n<p>Doba noclegowa zaczyna si\u0119 o godzinie 14.00 a ko\u0144czy o godzinie 10.00 dnia nast\u0119pnego.<\/p>\n<h3>DZIECI<\/h3>\n<p>Dziecko do lat 2 (wiek dziecka w dniu wymeldownia) jedno na dwoje doros\u0142ych, \u015bpi\u0105ce z rodzicami lub w \u0142\u00f3\u017ceczku turystycznym (niewymagaj\u0105ce samodzielnego \u0142\u00f3\u017cka i po\u015bcieli) nie ponosi \u017cadnych op\u0142at za pobyt (zakwaterowanie bezp\u0142atne). Dla dzieci do 2 lat dysponujemy dodatkowym wyposa\u017ceniem w postaci \u0142\u00f3\u017ceczek turystycznych, wanienek, oraz hu\u015btawek kube\u0142kowych. W celu uzyskania dodatkowego wyposa\u017cenia prosimy o kontakt z naszym obiektem. Liczba jest ograniczona, decyduje kolejno\u015b\u0107 zg\u0142osze\u0144.<\/p>\n<p>W celu uzyskania ww rabatu na dziecko do 2 lat, w dniu zameldowania wymagany jest dokument potwierdzaj\u0105cy wiek.<\/p>\n<h3>PARKING<\/h3>\n<p>Oferujemy parking niestrze\u017cony p\u0142atny (20 z\u0142\/dob\u0119), ch\u0119\u0107 korzystania z parkingu nale\u017cy zg\u0142osi\u0107 1 dzie\u0144 przed planowanym przyjazdem.<\/p>\n","protected":false},"excerpt":{"rendered":"<p>Wst\u0119pnej rezerwacji apartamentu dokonuje si\u0119 drog\u0105 mailow\u0105 lub telefonicznie. Po dokonaniu wst\u0119pnej rezerwacji, rezerwuj\u0105cy otrzyma e-mailem potwierdzenie. Zadatek w wysoko\u015bci max. 25% warto\u015bci wynajmu powinien zosta\u0107 wp\u0142acony w ci\u0105gu 2 dni od momentu dokonania rezerwacji. Brak dokonania wp\u0142aty zadatku w&#8230;<\/p>\n","protected":false},"author":1,"featured_media":0,"parent":0,"menu_order":0,"comment_status":"closed","ping_status":"closed","template":"template-full-width-page.php","meta":{"footnotes":""},"class_list":["post-56","page","type-page","status-publish","hentry"],"_links":{"self":[{"href":"https:\/\/apartamentyolenka.pl\/index.php?rest_route=\/wp\/v2\/pages\/56","targetHints":{"allow":["GET"]}}],"collection":[{"href":"https:\/\/apartamentyolenka.pl\/index.php?rest_route=\/wp\/v2\/pages"}],"about":[{"href":"https:\/\/apartamentyolenka.pl\/index.php?rest_route=\/wp\/v2\/types\/page"}],"author":[{"embeddable":true,"href":"https:\/\/apartamentyolenka.pl\/index.php?rest_route=\/wp\/v2\/users\/1"}],"replies":[{"embeddable":true,"href":"https:\/\/apartamentyolenka.pl\/index.php?rest_route=%2Fwp%2Fv2%2Fcomments&post=56"}],"version-history":[{"count":3,"href":"https:\/\/apartamentyolenka.pl\/index.php?rest_route=\/wp\/v2\/pages\/56\/revisions"}],"predecessor-version":[{"id":236,"href":"https:\/\/apartamentyolenka.pl\/index.php?rest_route=\/wp\/v2\/pages\/56\/revisions\/236"}],"wp:attachment":[{"href":"https:\/\/apartamentyolenka.pl\/index.php?rest_route=%2Fwp%2Fv2%2Fmedia&parent=56"}],"curies":[{"name":"wp","href":"https:\/\/api.w.org\/{rel}","templated":true}]}}