{"id":63,"date":"2026-02-14T17:09:50","date_gmt":"2026-02-14T17:09:50","guid":{"rendered":"https:\/\/apartamentyolenka.pl\/?page_id=63"},"modified":"2026-02-14T17:10:04","modified_gmt":"2026-02-14T17:10:04","slug":"regulamin","status":"publish","type":"page","link":"https:\/\/apartamentyolenka.pl\/?page_id=63","title":{"rendered":"Regulamin"},"content":{"rendered":"<h2>REGULAMIN<\/h2>\n<p>W trosce o zapewnienie Pa\u0144stwu spokojnego i bezpiecznego pobytu prosimy o zapoznanie si\u0119 i przestrzeganie poni\u017cszego regulaminu.<\/p>\n<ol>\n<li>Apartamenty wynajmowane s\u0105 na doby<\/li>\n<li>Doba hotelowa trwa od godziny 14.00 do godziny 10.00 dnia nast\u0119pnego.<\/li>\n<li>W apartamentach i ich bezpo\u015brednim otoczeniu obowi\u0105zuje ca\u0142kowity zakaz palenia papieros\u00f3w i wyrob\u00f3w tytoniowych poza wyznaczonymi miejscami, przeznaczonymi do tego celu (balkony w apartamencie nr 4 oraz 6). Naruszenie tej zasady wi\u0105\u017ce si\u0119 z konieczno\u015bci\u0105 pokrycia przez Go\u015bcia koszt\u00f3w dearomatyzacji pokoju 1000 pln.<\/li>\n<li>W obiekcie obowi\u0105zuje zakaz sma\u017cenia ryb.<\/li>\n<li>Pe\u0142ne, zawi\u0105zane worki ze \u015bmieciami prosz\u0119 wystawi\u0107 rano przed drzwi apartamentu w godzinach 7:00 \u2013 10:30.<\/li>\n<li>Pro\u015bb\u0119 o przed\u0142u\u017cenie doby hotelowej Go\u015b\u0107 powinien zg\u0142osi\u0107 jak najszybciej. Mo\u017cemy nie uwzgl\u0119dni\u0107 \u017cyczenia przed\u0142u\u017cenia pobytu w przypadku wykorzystania wszystkich miejsc noclegowych (apartament\u00f3w) lub w przypadku Go\u015bci nie przestrzegaj\u0105cych obowi\u0105zuj\u0105cego regulaminu.<\/li>\n<li>Zabrania si\u0119 nadmiernego ha\u0142asowania na terenie obiektu, powodowania nieprzyjemnych zapach\u00f3w, ani innych rzeczy, kt\u00f3re przeszkadzaj\u0105, szkodz\u0105 czy irytuj\u0105 pozosta\u0142ych Go\u015bci.<\/li>\n<li>Go\u015b\u0107 powinien zawiadomi\u0107 o wyst\u0105pieniu szkody niezw\u0142ocznie po jej stwierdzeniu.<\/li>\n<li>Odpowiedzialno\u015b\u0107 apartament\u00f3w \u201eOle\u0144ka\u201d z tytu\u0142u utraty lub uszkodzenia pieni\u0119dzy, papier\u00f3w warto\u015bciowych, kosztowno\u015bci albo przedmiot\u00f3w maj\u0105cych warto\u015b\u0107 naukow\u0105 lub artystyczn\u0105 jest ograniczona.<\/li>\n<li>Hotel nie ponosi odpowiedzialno\u015bci za uszkodzenie lub utrat\u0119 samochodu lub innego pojazdu nale\u017c\u0105cego do go\u015bcia.<\/li>\n<li>Go\u015b\u0107 ponosi odpowiedzialno\u015b\u0107 materialn\u0105 za wszelkiego rodzaju uszkodzenia lub zniszczenia przedmiot\u00f3w wyposa\u017cenia i urz\u0105dze\u0144 technicznych apartament\u00f3w powsta\u0142e z jego winy lub z winy odwiedzaj\u0105cych go os\u00f3b.<\/li>\n<li>Go\u015b\u0107 nie mo\u017ce przekazywa\u0107 pokoju osobom trzecim, nawet je\u015bli nie up\u0142yn\u0105\u0142 okres, za kt\u00f3ry ui\u015bci\u0142 nale\u017cn\u0105 za pobyt op\u0142at\u0119.<\/li>\n<li>Osoby nie zameldowane w hotelu mog\u0105 przebywa\u0107 w pokoju hotelowym od godziny 7.00 do godziny 21.00.<\/li>\n<li>W hotelu obowi\u0105zuje zachowanie ciszy od godziny 21.00 do godziny 7.00.<\/li>\n<li>Hotel mo\u017ce odm\u00f3wi\u0107 przyj\u0119cia go\u015bcia, kt\u00f3ry podczas poprzedniego pobytu ra\u017c\u0105co naruszy\u0142 regulamin hotelowy wyrz\u0105dzaj\u0105c szkod\u0119 w mieniu hotelowym lub go\u015bci albo szkod\u0119 na osobie go\u015bci, pracownik\u00f3w hotelu albo innych os\u00f3b przebywaj\u0105cych w hotelu albo te\u017c w inny spos\u00f3b zak\u0142\u00f3ci\u0142 spokojny pobyt go\u015bci lub funkcjonowania hotelu.<\/li>\n<li>Hotel ma prawo do wymeldowania go\u015bcia w trybie natychmiastowym, kt\u00f3ry podczas pobytu ra\u017c\u0105co naruszy\u0142 regulamin hotelowy wyrz\u0105dzaj\u0105c szkod\u0119 w mieniu hotelowym lub go\u015bci albo szkod\u0119 na osobie go\u015bci, pracownik\u00f3w hotelu albo innych os\u00f3b przebywaj\u0105cych w hotelu albo te\u017c w inny spos\u00f3b zak\u0142\u00f3ci\u0142 spokojny pobyt go\u015bci lub funkcjonowania hotelu. Naruszenie tej zasady wi\u0105\u017ce si\u0119 z natychmiastowym wymeldowaniem Go\u015bcia bez prawa zwrotu nale\u017cno\u015bci za niewykorzystane noclegi.<\/li>\n<\/ol>\n","protected":false},"excerpt":{"rendered":"<p>REGULAMIN W trosce o zapewnienie Pa\u0144stwu spokojnego i bezpiecznego pobytu prosimy o zapoznanie si\u0119 i przestrzeganie poni\u017cszego regulaminu. Apartamenty wynajmowane s\u0105 na doby Doba hotelowa trwa od godziny 14.00 do godziny 10.00 dnia nast\u0119pnego. W apartamentach i ich bezpo\u015brednim otoczeniu&#8230;<\/p>\n","protected":false},"author":1,"featured_media":0,"parent":0,"menu_order":0,"comment_status":"closed","ping_status":"closed","template":"template-full-width-page.php","meta":{"footnotes":""},"class_list":["post-63","page","type-page","status-publish","hentry"],"_links":{"self":[{"href":"https:\/\/apartamentyolenka.pl\/index.php?rest_route=\/wp\/v2\/pages\/63","targetHints":{"allow":["GET"]}}],"collection":[{"href":"https:\/\/apartamentyolenka.pl\/index.php?rest_route=\/wp\/v2\/pages"}],"about":[{"href":"https:\/\/apartamentyolenka.pl\/index.php?rest_route=\/wp\/v2\/types\/page"}],"author":[{"embeddable":true,"href":"https:\/\/apartamentyolenka.pl\/index.php?rest_route=\/wp\/v2\/users\/1"}],"replies":[{"embeddable":true,"href":"https:\/\/apartamentyolenka.pl\/index.php?rest_route=%2Fwp%2Fv2%2Fcomments&post=63"}],"version-history":[{"count":1,"href":"https:\/\/apartamentyolenka.pl\/index.php?rest_route=\/wp\/v2\/pages\/63\/revisions"}],"predecessor-version":[{"id":64,"href":"https:\/\/apartamentyolenka.pl\/index.php?rest_route=\/wp\/v2\/pages\/63\/revisions\/64"}],"wp:attachment":[{"href":"https:\/\/apartamentyolenka.pl\/index.php?rest_route=%2Fwp%2Fv2%2Fmedia&parent=63"}],"curies":[{"name":"wp","href":"https:\/\/api.w.org\/{rel}","templated":true}]}}