{"id":65,"date":"2026-02-14T17:10:49","date_gmt":"2026-02-14T17:10:49","guid":{"rendered":"https:\/\/apartamentyolenka.pl\/?page_id=65"},"modified":"2026-02-26T21:35:01","modified_gmt":"2026-02-26T21:35:01","slug":"cennik","status":"publish","type":"page","link":"https:\/\/apartamentyolenka.pl\/?page_id=65","title":{"rendered":"Cennik"},"content":{"rendered":"\n<figure class=\"wp-block-table is-style-regular\"><table class=\"has-fixed-layout\"><thead><tr><th class=\"has-text-align-center\" data-align=\"center\"><\/th><th class=\"has-text-align-center\" data-align=\"center\">SEZON NISKI<br>05.10 \u2013 25.04<\/th><th class=\"has-text-align-center\" data-align=\"center\">SEZON \u015aREDNI<br>25.04 \u2013 27.06<br>31.08 \u2013 05-10<\/th><th class=\"has-text-align-center\" data-align=\"center\">SEZON WYSOKI<br>27.06 \u2013 31.08<\/th><th class=\"has-text-align-center\" data-align=\"center\">OKRESY \u015aWI\u0104TECZNE<\/th><\/tr><\/thead><tbody><tr><td class=\"has-text-align-center\" data-align=\"center\">APARTAMENT<br>2 \u2013 3 os.<\/td><td class=\"has-text-align-center\" data-align=\"center\">130 \u2013 160<\/td><td class=\"has-text-align-center\" data-align=\"center\">180 \u2013 200<\/td><td class=\"has-text-align-center\" data-align=\"center\">230 \u2013 270<\/td><td class=\"has-text-align-center\" data-align=\"center\">200 \u2013 230<\/td><\/tr><tr><td class=\"has-text-align-center\" data-align=\"center\">APARTAMENT<br>2 \u2013 4 os.<\/td><td class=\"has-text-align-center\" data-align=\"center\">200 \u2013 250<\/td><td class=\"has-text-align-center\" data-align=\"center\">250 \u2013 300<\/td><td class=\"has-text-align-center\" data-align=\"center\">320 \u2013 370<\/td><td class=\"has-text-align-center\" data-align=\"center\">270 \u2013 320<\/td><\/tr><tr><td class=\"has-text-align-center\" data-align=\"center\">APARTAMENT<br>5 \u2013 8 os.<\/td><td class=\"has-text-align-center\" data-align=\"center\">300 \u2013 350<\/td><td class=\"has-text-align-center\" data-align=\"center\">350 \u2013 400<\/td><td class=\"has-text-align-center\" data-align=\"center\">450 \u2013 550<\/td><td class=\"has-text-align-center\" data-align=\"center\">400 \u2013 450<\/td><\/tr><\/tbody><\/table><\/figure>\n\n\n<p>Powy\u017csze przedzia\u0142y dat mog\u0105 ulec nieznacznemu przesuni\u0119ciu<\/p>\n<p>Kwoty podane w PLN, za apartament<\/p>\n<p>Cennik obowi\u0105zuje od 01.10.2024<\/p>\n<p class=\"has-text-align-center\"><strong>WYNAJEM NA MINIMUM 2 DOBY<\/strong><br \/><strong>W SEZONIE WYSOKIM WYNAJEM NA MINIMUM 7 D\u00d3B, ZACZYNAJ\u0104C POBYT OD SOBOTY<\/strong><\/p>","protected":false},"excerpt":{"rendered":"<p>SEZON NISKI05.10 \u2013 25.04 SEZON \u015aREDNI25.04 \u2013 27.0631.08 \u2013 05-10 SEZON WYSOKI27.06 \u2013 31.08 OKRESY \u015aWI\u0104TECZNE APARTAMENT2 \u2013 3 os. 130 \u2013 160 180 \u2013 200 230 \u2013 270 200 \u2013 230 APARTAMENT2 \u2013 4 os. 200 \u2013 250 250&#8230;<\/p>\n","protected":false},"author":1,"featured_media":0,"parent":0,"menu_order":0,"comment_status":"closed","ping_status":"closed","template":"template-full-width-page.php","meta":{"footnotes":""},"class_list":["post-65","page","type-page","status-publish","hentry"],"_links":{"self":[{"href":"https:\/\/apartamentyolenka.pl\/index.php?rest_route=\/wp\/v2\/pages\/65","targetHints":{"allow":["GET"]}}],"collection":[{"href":"https:\/\/apartamentyolenka.pl\/index.php?rest_route=\/wp\/v2\/pages"}],"about":[{"href":"https:\/\/apartamentyolenka.pl\/index.php?rest_route=\/wp\/v2\/types\/page"}],"author":[{"embeddable":true,"href":"https:\/\/apartamentyolenka.pl\/index.php?rest_route=\/wp\/v2\/users\/1"}],"replies":[{"embeddable":true,"href":"https:\/\/apartamentyolenka.pl\/index.php?rest_route=%2Fwp%2Fv2%2Fcomments&post=65"}],"version-history":[{"count":5,"href":"https:\/\/apartamentyolenka.pl\/index.php?rest_route=\/wp\/v2\/pages\/65\/revisions"}],"predecessor-version":[{"id":222,"href":"https:\/\/apartamentyolenka.pl\/index.php?rest_route=\/wp\/v2\/pages\/65\/revisions\/222"}],"wp:attachment":[{"href":"https:\/\/apartamentyolenka.pl\/index.php?rest_route=%2Fwp%2Fv2%2Fmedia&parent=65"}],"curies":[{"name":"wp","href":"https:\/\/api.w.org\/{rel}","templated":true}]}}