{"id":69,"date":"2026-02-14T17:15:23","date_gmt":"2026-02-14T17:15:23","guid":{"rendered":"https:\/\/apartamentyolenka.pl\/?page_id=69"},"modified":"2026-02-21T17:28:04","modified_gmt":"2026-02-21T17:28:04","slug":"familia","status":"publish","type":"page","link":"https:\/\/apartamentyolenka.pl\/?page_id=69","title":{"rendered":"Familia"},"content":{"rendered":"\n<p class=\"has-text-align-center has-large-font-size\"><strong>Wszyscy nasi Go\u015bcie na czas pobytu otrzymuj\u0105 kart\u0119 rabatow\u0105 10% do restauracji FAMILIA<\/strong><\/p>\n\n\n\n<p class=\"has-text-align-center\">Familia znajduje si\u0119 obok Apartament\u00f3w Ole\u0144ka i serwuje \u201ekuchni\u0119 od serca\u201d- dania przygotowywane s\u0105 wy\u0142\u0105cznie ze \u015bwie\u017cych sk\u0142adnik\u00f3w, \u0142\u0105cz\u0105c w sobie niezwyk\u0142e smaki i aromaty, w\u015br\u00f3d kt\u00f3rych ka\u017cdy z go\u015bci mo\u017ce znale\u017a\u0107 co\u015b wyj\u0105tkowego dla siebie.<\/p>\n\n\n\n<ul class=\"wp-block-social-links aligncenter is-style-default is-content-justification-center is-layout-flex wp-container-core-social-links-is-layout-16018d1d wp-block-social-links-is-layout-flex\"><li class=\"wp-social-link wp-social-link-facebook  wp-block-social-link\"><a href=\"https:\/\/pl-pl.facebook.com\/Restauracja.Familia\/\" class=\"wp-block-social-link-anchor\"><svg width=\"24\" height=\"24\" viewBox=\"0 0 24 24\" version=\"1.1\" xmlns=\"http:\/\/www.w3.org\/2000\/svg\" aria-hidden=\"true\" focusable=\"false\"><path d=\"M12 2C6.5 2 2 6.5 2 12c0 5 3.7 9.1 8.4 9.9v-7H7.9V12h2.5V9.8c0-2.5 1.5-3.9 3.8-3.9 1.1 0 2.2.2 2.2.2v2.5h-1.3c-1.2 0-1.6.8-1.6 1.6V12h2.8l-.4 2.9h-2.3v7C18.3 21.1 22 17 22 12c0-5.5-4.5-10-10-10z\"><\/path><\/svg><span class=\"wp-block-social-link-label screen-reader-text\">Facebook<\/span><\/a><\/li><\/ul>\n\n\n<div class=\"wp-block-image\">\n<figure class=\"aligncenter size-full\"><img loading=\"lazy\" decoding=\"async\" width=\"895\" height=\"513\" src=\"https:\/\/apartamentyolenka.pl\/wp-content\/uploads\/2026\/02\/Familia.png\" alt=\"\" class=\"wp-image-100\" srcset=\"https:\/\/apartamentyolenka.pl\/wp-content\/uploads\/2026\/02\/Familia.png 895w, https:\/\/apartamentyolenka.pl\/wp-content\/uploads\/2026\/02\/Familia-300x172.png 300w, https:\/\/apartamentyolenka.pl\/wp-content\/uploads\/2026\/02\/Familia-768x440.png 768w, https:\/\/apartamentyolenka.pl\/wp-content\/uploads\/2026\/02\/Familia-760x436.png 760w\" sizes=\"auto, (max-width: 895px) 100vw, 895px\" \/><\/figure>\n<\/div>\n\n\n<p><\/p>\n","protected":false},"excerpt":{"rendered":"<p>Wszyscy nasi Go\u015bcie na czas pobytu otrzymuj\u0105 kart\u0119 rabatow\u0105 10% do restauracji FAMILIA Familia znajduje si\u0119 obok Apartament\u00f3w Ole\u0144ka i serwuje \u201ekuchni\u0119 od serca\u201d- dania przygotowywane s\u0105 wy\u0142\u0105cznie ze \u015bwie\u017cych sk\u0142adnik\u00f3w, \u0142\u0105cz\u0105c w sobie niezwyk\u0142e smaki i aromaty, w\u015br\u00f3d kt\u00f3rych&#8230;<\/p>\n","protected":false},"author":1,"featured_media":0,"parent":0,"menu_order":0,"comment_status":"closed","ping_status":"closed","template":"template-full-width-page.php","meta":{"footnotes":""},"class_list":["post-69","page","type-page","status-publish","hentry"],"_links":{"self":[{"href":"https:\/\/apartamentyolenka.pl\/index.php?rest_route=\/wp\/v2\/pages\/69","targetHints":{"allow":["GET"]}}],"collection":[{"href":"https:\/\/apartamentyolenka.pl\/index.php?rest_route=\/wp\/v2\/pages"}],"about":[{"href":"https:\/\/apartamentyolenka.pl\/index.php?rest_route=\/wp\/v2\/types\/page"}],"author":[{"embeddable":true,"href":"https:\/\/apartamentyolenka.pl\/index.php?rest_route=\/wp\/v2\/users\/1"}],"replies":[{"embeddable":true,"href":"https:\/\/apartamentyolenka.pl\/index.php?rest_route=%2Fwp%2Fv2%2Fcomments&post=69"}],"version-history":[{"count":11,"href":"https:\/\/apartamentyolenka.pl\/index.php?rest_route=\/wp\/v2\/pages\/69\/revisions"}],"predecessor-version":[{"id":110,"href":"https:\/\/apartamentyolenka.pl\/index.php?rest_route=\/wp\/v2\/pages\/69\/revisions\/110"}],"wp:attachment":[{"href":"https:\/\/apartamentyolenka.pl\/index.php?rest_route=%2Fwp%2Fv2%2Fmedia&parent=69"}],"curies":[{"name":"wp","href":"https:\/\/api.w.org\/{rel}","templated":true}]}}