{"id":73,"date":"2026-02-14T17:17:15","date_gmt":"2026-02-14T17:17:15","guid":{"rendered":"https:\/\/apartamentyolenka.pl\/?page_id=73"},"modified":"2026-03-13T10:11:11","modified_gmt":"2026-03-13T10:11:11","slug":"apartament-nr-1","status":"publish","type":"page","link":"https:\/\/apartamentyolenka.pl\/?page_id=73","title":{"rendered":"Apartament nr 1"},"content":{"rendered":"\n<div class=\"wp-block-media-text has-media-on-the-right is-stacked-on-mobile is-vertically-aligned-top\"><div class=\"wp-block-media-text__content\">\n<p class=\"has-medium-font-size\">Jednopokojowy<br \/>2-3 osobowy<\/p>\n<hr class=\"wp-block-separator has-text-color has-background has-luminous-vivid-amber-background-color has-luminous-vivid-amber-color is-style-wide\"\/>\n<p class=\"has-medium-font-size\">Wyposa\u017cenie:<\/p>\n<ul class=\"has-medium-font-size\">\n<li>\u0142azienka\n<ul>\n<li>prysznic<\/li>\n<li>toaleta<\/li>\n<li>umywalka<\/li>\n<li>suszaka do w\u0142os\u00f3w<\/li>\n<li>r\u0119czniki<\/li>\n<\/ul>\n<\/li>\n<li>aneks kuchenny\n<ul>\n<li>lod\u00f3wka<\/li>\n<li>zlew<\/li>\n<li>p\u0142yta indukcyjna<\/li>\n<li>czajnik elektryczny<\/li>\n<li>garnki, sztu\u0107ce<\/li>\n<li>naczynia<\/li>\n<\/ul>\n<\/li>\n<li>\u0142\u00f3\u017cka\n<ul>\n<li>1 podw\u00f3jne<\/li>\n<li>1 pojedyncze<\/li>\n<\/ul>\n<\/li>\n<li>klimatyzacja<\/li>\n<li>TV<\/li>\n<li>szafa, komoda<\/li>\n<li>st\u00f3\u0142 i krzes\u0142a<\/li>\n<li>stolik kawowy<\/li>\n<li>\u017celazko i deska do prasowania<\/li>\n<li>parawan<\/li>\n<\/ul>\n<hr class=\"wp-block-separator has-text-color has-background has-luminous-vivid-amber-background-color has-luminous-vivid-amber-color is-style-wide\"\/>\n<p class=\"has-medium-font-size\">Rozmiar apartamentu: 26 m2<br \/>Poziom: parter<\/p>\n<\/div><figure class=\"wp-block-media-text__media\"><img loading=\"lazy\" decoding=\"async\" width=\"1024\" height=\"768\" src=\"https:\/\/apartamentyolenka.pl\/wp-content\/uploads\/2026\/03\/wmremove-transformed11-1-1024x768.jpeg\" alt=\"\" class=\"wp-image-231 size-full\" srcset=\"https:\/\/apartamentyolenka.pl\/wp-content\/uploads\/2026\/03\/wmremove-transformed11-1-1024x768.jpeg 1024w, https:\/\/apartamentyolenka.pl\/wp-content\/uploads\/2026\/03\/wmremove-transformed11-1-300x225.jpeg 300w, https:\/\/apartamentyolenka.pl\/wp-content\/uploads\/2026\/03\/wmremove-transformed11-1-768x576.jpeg 768w, https:\/\/apartamentyolenka.pl\/wp-content\/uploads\/2026\/03\/wmremove-transformed11-1-1130x848.jpeg 1130w, https:\/\/apartamentyolenka.pl\/wp-content\/uploads\/2026\/03\/wmremove-transformed11-1-760x570.jpeg 760w, https:\/\/apartamentyolenka.pl\/wp-content\/uploads\/2026\/03\/wmremove-transformed11-1.jpeg 1200w\" sizes=\"auto, (max-width: 1024px) 100vw, 1024px\" \/><\/figure><\/div>\n\n\n\n<figure class=\"wp-block-gallery has-nested-images columns-default is-cropped wp-block-gallery-1 is-layout-flex wp-block-gallery-is-layout-flex\">\n<figure class=\"wp-block-image size-large is-style-default\"><img loading=\"lazy\" decoding=\"async\" width=\"1024\" height=\"768\" data-id=\"232\" src=\"https:\/\/apartamentyolenka.pl\/wp-content\/uploads\/2026\/03\/wmremove-transformed12-1-1024x768.jpeg\" alt=\"\" class=\"wp-image-232\" srcset=\"https:\/\/apartamentyolenka.pl\/wp-content\/uploads\/2026\/03\/wmremove-transformed12-1-1024x768.jpeg 1024w, https:\/\/apartamentyolenka.pl\/wp-content\/uploads\/2026\/03\/wmremove-transformed12-1-300x225.jpeg 300w, https:\/\/apartamentyolenka.pl\/wp-content\/uploads\/2026\/03\/wmremove-transformed12-1-768x576.jpeg 768w, https:\/\/apartamentyolenka.pl\/wp-content\/uploads\/2026\/03\/wmremove-transformed12-1-1130x848.jpeg 1130w, https:\/\/apartamentyolenka.pl\/wp-content\/uploads\/2026\/03\/wmremove-transformed12-1-760x570.jpeg 760w, https:\/\/apartamentyolenka.pl\/wp-content\/uploads\/2026\/03\/wmremove-transformed12-1.jpeg 1200w\" sizes=\"auto, (max-width: 1024px) 100vw, 1024px\" \/><\/figure>\n\n\n\n<figure class=\"wp-block-image size-large\"><img loading=\"lazy\" decoding=\"async\" width=\"678\" height=\"1024\" data-id=\"153\" src=\"https:\/\/apartamentyolenka.pl\/wp-content\/uploads\/2026\/02\/Apartament_1_7-678x1024.jpg\" alt=\"\" class=\"wp-image-153\" srcset=\"https:\/\/apartamentyolenka.pl\/wp-content\/uploads\/2026\/02\/Apartament_1_7-678x1024.jpg 678w, https:\/\/apartamentyolenka.pl\/wp-content\/uploads\/2026\/02\/Apartament_1_7-199x300.jpg 199w, https:\/\/apartamentyolenka.pl\/wp-content\/uploads\/2026\/02\/Apartament_1_7-768x1160.jpg 768w, https:\/\/apartamentyolenka.pl\/wp-content\/uploads\/2026\/02\/Apartament_1_7-1017x1536.jpg 1017w, https:\/\/apartamentyolenka.pl\/wp-content\/uploads\/2026\/02\/Apartament_1_7-1356x2048.jpg 1356w, https:\/\/apartamentyolenka.pl\/wp-content\/uploads\/2026\/02\/Apartament_1_7-1130x1706.jpg 1130w, https:\/\/apartamentyolenka.pl\/wp-content\/uploads\/2026\/02\/Apartament_1_7-760x1147.jpg 760w, https:\/\/apartamentyolenka.pl\/wp-content\/uploads\/2026\/02\/Apartament_1_7-scaled.jpg 1696w\" sizes=\"auto, (max-width: 678px) 100vw, 678px\" \/><\/figure>\n\n\n\n<figure class=\"wp-block-image size-large\"><img loading=\"lazy\" decoding=\"async\" width=\"1024\" height=\"678\" data-id=\"151\" src=\"https:\/\/apartamentyolenka.pl\/wp-content\/uploads\/2026\/02\/Apartament_1_5-1024x678.jpg\" alt=\"\" class=\"wp-image-151\" srcset=\"https:\/\/apartamentyolenka.pl\/wp-content\/uploads\/2026\/02\/Apartament_1_5-1024x678.jpg 1024w, https:\/\/apartamentyolenka.pl\/wp-content\/uploads\/2026\/02\/Apartament_1_5-300x199.jpg 300w, https:\/\/apartamentyolenka.pl\/wp-content\/uploads\/2026\/02\/Apartament_1_5-768x509.jpg 768w, https:\/\/apartamentyolenka.pl\/wp-content\/uploads\/2026\/02\/Apartament_1_5-1536x1017.jpg 1536w, https:\/\/apartamentyolenka.pl\/wp-content\/uploads\/2026\/02\/Apartament_1_5-2048x1356.jpg 2048w, https:\/\/apartamentyolenka.pl\/wp-content\/uploads\/2026\/02\/Apartament_1_5-1130x748.jpg 1130w, https:\/\/apartamentyolenka.pl\/wp-content\/uploads\/2026\/02\/Apartament_1_5-760x503.jpg 760w\" sizes=\"auto, (max-width: 1024px) 100vw, 1024px\" \/><\/figure>\n<\/figure>\n\n\n\n<figure class=\"wp-block-image size-large\"><img loading=\"lazy\" decoding=\"async\" width=\"1024\" height=\"768\" src=\"https:\/\/apartamentyolenka.pl\/wp-content\/uploads\/2026\/03\/wmremove-transformed12-1024x768.jpeg\" alt=\"\" class=\"wp-image-230\" srcset=\"https:\/\/apartamentyolenka.pl\/wp-content\/uploads\/2026\/03\/wmremove-transformed12-1024x768.jpeg 1024w, https:\/\/apartamentyolenka.pl\/wp-content\/uploads\/2026\/03\/wmremove-transformed12-300x225.jpeg 300w, https:\/\/apartamentyolenka.pl\/wp-content\/uploads\/2026\/03\/wmremove-transformed12-768x576.jpeg 768w, https:\/\/apartamentyolenka.pl\/wp-content\/uploads\/2026\/03\/wmremove-transformed12-1130x848.jpeg 1130w, https:\/\/apartamentyolenka.pl\/wp-content\/uploads\/2026\/03\/wmremove-transformed12-760x570.jpeg 760w, https:\/\/apartamentyolenka.pl\/wp-content\/uploads\/2026\/03\/wmremove-transformed12.jpeg 1200w\" sizes=\"auto, (max-width: 1024px) 100vw, 1024px\" \/><\/figure>\n","protected":false},"excerpt":{"rendered":"<p>Jednopokojowy2-3 osobowy Wyposa\u017cenie: \u0142azienka prysznic toaleta umywalka suszaka do w\u0142os\u00f3w r\u0119czniki aneks kuchenny lod\u00f3wka zlew p\u0142yta indukcyjna czajnik elektryczny garnki, sztu\u0107ce naczynia \u0142\u00f3\u017cka 1 podw\u00f3jne 1 pojedyncze klimatyzacja TV szafa, komoda st\u00f3\u0142 i krzes\u0142a stolik kawowy \u017celazko i deska do&#8230;<\/p>\n","protected":false},"author":1,"featured_media":0,"parent":0,"menu_order":0,"comment_status":"closed","ping_status":"closed","template":"template-full-width-page.php","meta":{"footnotes":""},"class_list":["post-73","page","type-page","status-publish","hentry"],"_links":{"self":[{"href":"https:\/\/apartamentyolenka.pl\/index.php?rest_route=\/wp\/v2\/pages\/73","targetHints":{"allow":["GET"]}}],"collection":[{"href":"https:\/\/apartamentyolenka.pl\/index.php?rest_route=\/wp\/v2\/pages"}],"about":[{"href":"https:\/\/apartamentyolenka.pl\/index.php?rest_route=\/wp\/v2\/types\/page"}],"author":[{"embeddable":true,"href":"https:\/\/apartamentyolenka.pl\/index.php?rest_route=\/wp\/v2\/users\/1"}],"replies":[{"embeddable":true,"href":"https:\/\/apartamentyolenka.pl\/index.php?rest_route=%2Fwp%2Fv2%2Fcomments&post=73"}],"version-history":[{"count":8,"href":"https:\/\/apartamentyolenka.pl\/index.php?rest_route=\/wp\/v2\/pages\/73\/revisions"}],"predecessor-version":[{"id":225,"href":"https:\/\/apartamentyolenka.pl\/index.php?rest_route=\/wp\/v2\/pages\/73\/revisions\/225"}],"wp:attachment":[{"href":"https:\/\/apartamentyolenka.pl\/index.php?rest_route=%2Fwp%2Fv2%2Fmedia&parent=73"}],"curies":[{"name":"wp","href":"https:\/\/api.w.org\/{rel}","templated":true}]}}