{"id":75,"date":"2026-02-14T17:18:01","date_gmt":"2026-02-14T17:18:01","guid":{"rendered":"https:\/\/apartamentyolenka.pl\/?page_id=75"},"modified":"2026-02-26T21:16:41","modified_gmt":"2026-02-26T21:16:41","slug":"apartament-nr-2","status":"publish","type":"page","link":"https:\/\/apartamentyolenka.pl\/?page_id=75","title":{"rendered":"Apartament nr 2"},"content":{"rendered":"\n<div class=\"wp-block-media-text has-media-on-the-right is-stacked-on-mobile is-vertically-aligned-top\"><div class=\"wp-block-media-text__content\">\n<p class=\"has-medium-font-size\">Jednopokojowy<br>2-3 osobowy<\/p>\n<hr class=\"wp-block-separator has-text-color has-background has-luminous-vivid-amber-background-color has-luminous-vivid-amber-color is-style-wide\"\/>\n<p class=\"has-medium-font-size\">Wyposa\u017cenie:<\/p>\n<ul class=\"has-medium-font-size\"><li>\u0142azienka<ul><li>prysznic<\/li><li>toaleta<\/li><li>umywalka<\/li><li>pralka<\/li><li>suszaka do w\u0142os\u00f3w<\/li><li>r\u0119czniki<\/li><\/ul><\/li><li>aneks kuchenny<ul><li>lod\u00f3wka<\/li><li>zlew<\/li><li>p\u0142yta indukcyjna<\/li><li>czajnik elektryczny<\/li><li>garnki, sztu\u0107ce<\/li><li>naczynia<\/li><\/ul><\/li><li>\u0142\u00f3\u017cka<ul><li>1 podw\u00f3jne<\/li><li>1 pojedyncze<\/li><\/ul><\/li><li>klimatyzacja<\/li><li>TV<\/li><li>szafa, komoda<\/li><li>st\u00f3\u0142 i krzes\u0142a<\/li><li>stolik kawowy<\/li><li>\u017celazko i deska do prasowania<\/li><li>parawan<\/li><\/ul>\n<hr class=\"wp-block-separator has-text-color has-background has-luminous-vivid-amber-background-color has-luminous-vivid-amber-color is-style-wide\"\/>\n<p class=\"has-medium-font-size\">Rozmiar apartamentu: 33 m2<br>Poziom: 1 pi\u0119tro<\/p>\n<\/div><figure class=\"wp-block-media-text__media\"><img loading=\"lazy\" decoding=\"async\" width=\"1024\" height=\"678\" src=\"https:\/\/apartamentyolenka.pl\/wp-content\/uploads\/2026\/02\/Apartament_2_3-1024x678.jpg\" alt=\"\" class=\"wp-image-156 size-full\" srcset=\"https:\/\/apartamentyolenka.pl\/wp-content\/uploads\/2026\/02\/Apartament_2_3-1024x678.jpg 1024w, https:\/\/apartamentyolenka.pl\/wp-content\/uploads\/2026\/02\/Apartament_2_3-300x199.jpg 300w, https:\/\/apartamentyolenka.pl\/wp-content\/uploads\/2026\/02\/Apartament_2_3-768x509.jpg 768w, https:\/\/apartamentyolenka.pl\/wp-content\/uploads\/2026\/02\/Apartament_2_3-1536x1017.jpg 1536w, https:\/\/apartamentyolenka.pl\/wp-content\/uploads\/2026\/02\/Apartament_2_3-2048x1356.jpg 2048w, https:\/\/apartamentyolenka.pl\/wp-content\/uploads\/2026\/02\/Apartament_2_3-1130x748.jpg 1130w, https:\/\/apartamentyolenka.pl\/wp-content\/uploads\/2026\/02\/Apartament_2_3-760x503.jpg 760w\" sizes=\"auto, (max-width: 1024px) 100vw, 1024px\" \/><\/figure><\/div>\n\n\n\n<figure class=\"wp-block-gallery has-nested-images columns-default is-cropped wp-block-gallery-1 is-layout-flex wp-block-gallery-is-layout-flex\">\n<figure class=\"wp-block-image size-large\"><img loading=\"lazy\" decoding=\"async\" width=\"678\" height=\"1024\" data-id=\"159\" src=\"https:\/\/apartamentyolenka.pl\/wp-content\/uploads\/2026\/02\/Apartament_2_6-678x1024.jpg\" alt=\"\" class=\"wp-image-159\" srcset=\"https:\/\/apartamentyolenka.pl\/wp-content\/uploads\/2026\/02\/Apartament_2_6-678x1024.jpg 678w, https:\/\/apartamentyolenka.pl\/wp-content\/uploads\/2026\/02\/Apartament_2_6-199x300.jpg 199w, https:\/\/apartamentyolenka.pl\/wp-content\/uploads\/2026\/02\/Apartament_2_6-768x1160.jpg 768w, https:\/\/apartamentyolenka.pl\/wp-content\/uploads\/2026\/02\/Apartament_2_6-1017x1536.jpg 1017w, https:\/\/apartamentyolenka.pl\/wp-content\/uploads\/2026\/02\/Apartament_2_6-1356x2048.jpg 1356w, https:\/\/apartamentyolenka.pl\/wp-content\/uploads\/2026\/02\/Apartament_2_6-1130x1706.jpg 1130w, https:\/\/apartamentyolenka.pl\/wp-content\/uploads\/2026\/02\/Apartament_2_6-760x1147.jpg 760w, https:\/\/apartamentyolenka.pl\/wp-content\/uploads\/2026\/02\/Apartament_2_6-scaled.jpg 1696w\" sizes=\"auto, (max-width: 678px) 100vw, 678px\" \/><\/figure>\n\n\n\n<figure class=\"wp-block-image size-large\"><img loading=\"lazy\" decoding=\"async\" width=\"1024\" height=\"678\" data-id=\"158\" src=\"https:\/\/apartamentyolenka.pl\/wp-content\/uploads\/2026\/02\/Apartament_2_5-1024x678.jpg\" alt=\"\" class=\"wp-image-158\" srcset=\"https:\/\/apartamentyolenka.pl\/wp-content\/uploads\/2026\/02\/Apartament_2_5-1024x678.jpg 1024w, https:\/\/apartamentyolenka.pl\/wp-content\/uploads\/2026\/02\/Apartament_2_5-300x199.jpg 300w, https:\/\/apartamentyolenka.pl\/wp-content\/uploads\/2026\/02\/Apartament_2_5-768x509.jpg 768w, https:\/\/apartamentyolenka.pl\/wp-content\/uploads\/2026\/02\/Apartament_2_5-1536x1017.jpg 1536w, https:\/\/apartamentyolenka.pl\/wp-content\/uploads\/2026\/02\/Apartament_2_5-2048x1356.jpg 2048w, https:\/\/apartamentyolenka.pl\/wp-content\/uploads\/2026\/02\/Apartament_2_5-1130x748.jpg 1130w, https:\/\/apartamentyolenka.pl\/wp-content\/uploads\/2026\/02\/Apartament_2_5-760x503.jpg 760w\" sizes=\"auto, (max-width: 1024px) 100vw, 1024px\" \/><\/figure>\n\n\n\n<figure class=\"wp-block-image size-large\"><img loading=\"lazy\" decoding=\"async\" width=\"1024\" height=\"678\" data-id=\"157\" src=\"https:\/\/apartamentyolenka.pl\/wp-content\/uploads\/2026\/02\/Apartament_2_4-1024x678.jpg\" alt=\"\" class=\"wp-image-157\" srcset=\"https:\/\/apartamentyolenka.pl\/wp-content\/uploads\/2026\/02\/Apartament_2_4-1024x678.jpg 1024w, https:\/\/apartamentyolenka.pl\/wp-content\/uploads\/2026\/02\/Apartament_2_4-300x199.jpg 300w, https:\/\/apartamentyolenka.pl\/wp-content\/uploads\/2026\/02\/Apartament_2_4-768x509.jpg 768w, https:\/\/apartamentyolenka.pl\/wp-content\/uploads\/2026\/02\/Apartament_2_4-1536x1017.jpg 1536w, https:\/\/apartamentyolenka.pl\/wp-content\/uploads\/2026\/02\/Apartament_2_4-2048x1356.jpg 2048w, https:\/\/apartamentyolenka.pl\/wp-content\/uploads\/2026\/02\/Apartament_2_4-1130x748.jpg 1130w, https:\/\/apartamentyolenka.pl\/wp-content\/uploads\/2026\/02\/Apartament_2_4-760x503.jpg 760w\" sizes=\"auto, (max-width: 1024px) 100vw, 1024px\" \/><\/figure>\n\n\n\n<figure class=\"wp-block-image size-large\"><img loading=\"lazy\" decoding=\"async\" width=\"1024\" height=\"678\" data-id=\"155\" src=\"https:\/\/apartamentyolenka.pl\/wp-content\/uploads\/2026\/02\/Apartament_2_2-1024x678.jpg\" alt=\"\" class=\"wp-image-155\" srcset=\"https:\/\/apartamentyolenka.pl\/wp-content\/uploads\/2026\/02\/Apartament_2_2-1024x678.jpg 1024w, https:\/\/apartamentyolenka.pl\/wp-content\/uploads\/2026\/02\/Apartament_2_2-300x199.jpg 300w, https:\/\/apartamentyolenka.pl\/wp-content\/uploads\/2026\/02\/Apartament_2_2-768x509.jpg 768w, https:\/\/apartamentyolenka.pl\/wp-content\/uploads\/2026\/02\/Apartament_2_2-1536x1017.jpg 1536w, https:\/\/apartamentyolenka.pl\/wp-content\/uploads\/2026\/02\/Apartament_2_2-2048x1356.jpg 2048w, https:\/\/apartamentyolenka.pl\/wp-content\/uploads\/2026\/02\/Apartament_2_2-1130x748.jpg 1130w, https:\/\/apartamentyolenka.pl\/wp-content\/uploads\/2026\/02\/Apartament_2_2-760x503.jpg 760w\" sizes=\"auto, (max-width: 1024px) 100vw, 1024px\" \/><\/figure>\n\n\n\n<figure class=\"wp-block-image size-large\"><img loading=\"lazy\" decoding=\"async\" width=\"1024\" height=\"678\" data-id=\"154\" src=\"https:\/\/apartamentyolenka.pl\/wp-content\/uploads\/2026\/02\/Apartament_2_1-1024x678.jpg\" alt=\"\" class=\"wp-image-154\" srcset=\"https:\/\/apartamentyolenka.pl\/wp-content\/uploads\/2026\/02\/Apartament_2_1-1024x678.jpg 1024w, https:\/\/apartamentyolenka.pl\/wp-content\/uploads\/2026\/02\/Apartament_2_1-300x199.jpg 300w, https:\/\/apartamentyolenka.pl\/wp-content\/uploads\/2026\/02\/Apartament_2_1-768x509.jpg 768w, https:\/\/apartamentyolenka.pl\/wp-content\/uploads\/2026\/02\/Apartament_2_1-1536x1017.jpg 1536w, https:\/\/apartamentyolenka.pl\/wp-content\/uploads\/2026\/02\/Apartament_2_1-2048x1356.jpg 2048w, https:\/\/apartamentyolenka.pl\/wp-content\/uploads\/2026\/02\/Apartament_2_1-1130x748.jpg 1130w, https:\/\/apartamentyolenka.pl\/wp-content\/uploads\/2026\/02\/Apartament_2_1-760x503.jpg 760w\" sizes=\"auto, (max-width: 1024px) 100vw, 1024px\" \/><\/figure>\n<\/figure>\n\n\n\n<p><\/p>\n","protected":false},"excerpt":{"rendered":"<p>Jednopokojowy2-3 osobowy Wyposa\u017cenie: \u0142azienka prysznic toaleta umywalka pralka suszaka do w\u0142os\u00f3w r\u0119czniki aneks kuchenny lod\u00f3wka zlew p\u0142yta indukcyjna czajnik elektryczny garnki, sztu\u0107ce naczynia \u0142\u00f3\u017cka 1 podw\u00f3jne 1 pojedyncze klimatyzacja TV szafa, komoda st\u00f3\u0142 i krzes\u0142a stolik kawowy \u017celazko i deska&#8230;<\/p>\n","protected":false},"author":1,"featured_media":0,"parent":0,"menu_order":0,"comment_status":"closed","ping_status":"closed","template":"template-full-width-page.php","meta":{"footnotes":""},"class_list":["post-75","page","type-page","status-publish","hentry"],"_links":{"self":[{"href":"https:\/\/apartamentyolenka.pl\/index.php?rest_route=\/wp\/v2\/pages\/75","targetHints":{"allow":["GET"]}}],"collection":[{"href":"https:\/\/apartamentyolenka.pl\/index.php?rest_route=\/wp\/v2\/pages"}],"about":[{"href":"https:\/\/apartamentyolenka.pl\/index.php?rest_route=\/wp\/v2\/types\/page"}],"author":[{"embeddable":true,"href":"https:\/\/apartamentyolenka.pl\/index.php?rest_route=\/wp\/v2\/users\/1"}],"replies":[{"embeddable":true,"href":"https:\/\/apartamentyolenka.pl\/index.php?rest_route=%2Fwp%2Fv2%2Fcomments&post=75"}],"version-history":[{"count":5,"href":"https:\/\/apartamentyolenka.pl\/index.php?rest_route=\/wp\/v2\/pages\/75\/revisions"}],"predecessor-version":[{"id":216,"href":"https:\/\/apartamentyolenka.pl\/index.php?rest_route=\/wp\/v2\/pages\/75\/revisions\/216"}],"wp:attachment":[{"href":"https:\/\/apartamentyolenka.pl\/index.php?rest_route=%2Fwp%2Fv2%2Fmedia&parent=75"}],"curies":[{"name":"wp","href":"https:\/\/api.w.org\/{rel}","templated":true}]}}