{"id":79,"date":"2026-02-14T17:18:32","date_gmt":"2026-02-14T17:18:32","guid":{"rendered":"https:\/\/apartamentyolenka.pl\/?page_id=79"},"modified":"2026-02-26T21:15:51","modified_gmt":"2026-02-26T21:15:51","slug":"apartament-nr-4","status":"publish","type":"page","link":"https:\/\/apartamentyolenka.pl\/?page_id=79","title":{"rendered":"Apartament nr 4"},"content":{"rendered":"\n<div class=\"wp-block-media-text has-media-on-the-right is-stacked-on-mobile is-vertically-aligned-top\"><div class=\"wp-block-media-text__content\">\n<p><\/p>\n\n\n\n<p class=\"has-medium-font-size\">Dwupokojowy<br>2-4 osobowy<\/p>\n<hr class=\"wp-block-separator has-text-color has-background has-luminous-vivid-amber-background-color has-luminous-vivid-amber-color is-style-wide\"\/>\n<p class=\"has-medium-font-size\">Wyposa\u017cenie:<\/p>\n<ul class=\"has-medium-font-size\"><li>\u0142azienka<ul><li>wanna z prysznicem<\/li><li>toaleta<\/li><li>umywalka<\/li><li>pralka<\/li><li>suszaka do w\u0142os\u00f3w<\/li><li>r\u0119czniki<\/li><\/ul><\/li><li>aneks kuchenny<ul><li>lod\u00f3wka<\/li><li>zlew<\/li><li>p\u0142yta indukcyjna<\/li><li>czajnik elektryczny<\/li><li>garnki, sztu\u0107ce<\/li><li>naczynia<\/li><\/ul><\/li><li>\u0142\u00f3\u017cka<ul><li>salon- 1 podw\u00f3jne<\/li><li>sypialnia &#8211; 1 podw\u00f3jne<\/li><\/ul><\/li><li>klimatyzacja<\/li><li>TV<\/li><li>szafa, komoda<\/li><li>st\u00f3\u0142 i krzes\u0142a<\/li><li>stolik kawowy<\/li><li>\u017celazko i deska do prasowania<\/li><li>parawan<\/li><li>balkon (stolik + krzes\u0142a)<\/li><li>suszarka na pranie<\/li><\/ul>\n<hr class=\"wp-block-separator has-text-color has-background has-luminous-vivid-amber-background-color has-luminous-vivid-amber-color is-style-wide\"\/>\n<p class=\"has-medium-font-size\">Rozmiar apartamentu: 38 m2<br>Poziom: 1 pi\u0119tro<\/p>\n<\/div><figure class=\"wp-block-media-text__media\"><img loading=\"lazy\" decoding=\"async\" width=\"1024\" height=\"678\" src=\"https:\/\/apartamentyolenka.pl\/wp-content\/uploads\/2026\/02\/Apartament_4_3-1024x678.jpg\" alt=\"\" class=\"wp-image-167 size-full\" srcset=\"https:\/\/apartamentyolenka.pl\/wp-content\/uploads\/2026\/02\/Apartament_4_3-1024x678.jpg 1024w, https:\/\/apartamentyolenka.pl\/wp-content\/uploads\/2026\/02\/Apartament_4_3-300x199.jpg 300w, https:\/\/apartamentyolenka.pl\/wp-content\/uploads\/2026\/02\/Apartament_4_3-768x509.jpg 768w, https:\/\/apartamentyolenka.pl\/wp-content\/uploads\/2026\/02\/Apartament_4_3-1536x1017.jpg 1536w, https:\/\/apartamentyolenka.pl\/wp-content\/uploads\/2026\/02\/Apartament_4_3-2048x1356.jpg 2048w, https:\/\/apartamentyolenka.pl\/wp-content\/uploads\/2026\/02\/Apartament_4_3-1130x748.jpg 1130w, https:\/\/apartamentyolenka.pl\/wp-content\/uploads\/2026\/02\/Apartament_4_3-760x503.jpg 760w\" sizes=\"auto, (max-width: 1024px) 100vw, 1024px\" \/><\/figure><\/div>\n\n\n\n<figure class=\"wp-block-gallery has-nested-images columns-default is-cropped wp-block-gallery-1 is-layout-flex wp-block-gallery-is-layout-flex\">\n<figure class=\"wp-block-image size-large\"><img loading=\"lazy\" decoding=\"async\" width=\"1024\" height=\"678\" data-id=\"174\" src=\"https:\/\/apartamentyolenka.pl\/wp-content\/uploads\/2026\/02\/Apartament_4_10-1024x678.jpg\" alt=\"\" class=\"wp-image-174\" srcset=\"https:\/\/apartamentyolenka.pl\/wp-content\/uploads\/2026\/02\/Apartament_4_10-1024x678.jpg 1024w, https:\/\/apartamentyolenka.pl\/wp-content\/uploads\/2026\/02\/Apartament_4_10-300x199.jpg 300w, https:\/\/apartamentyolenka.pl\/wp-content\/uploads\/2026\/02\/Apartament_4_10-768x509.jpg 768w, https:\/\/apartamentyolenka.pl\/wp-content\/uploads\/2026\/02\/Apartament_4_10-1536x1017.jpg 1536w, https:\/\/apartamentyolenka.pl\/wp-content\/uploads\/2026\/02\/Apartament_4_10-2048x1356.jpg 2048w, https:\/\/apartamentyolenka.pl\/wp-content\/uploads\/2026\/02\/Apartament_4_10-1130x748.jpg 1130w, https:\/\/apartamentyolenka.pl\/wp-content\/uploads\/2026\/02\/Apartament_4_10-760x503.jpg 760w\" sizes=\"auto, (max-width: 1024px) 100vw, 1024px\" \/><\/figure>\n\n\n\n<figure class=\"wp-block-image size-large\"><img loading=\"lazy\" decoding=\"async\" width=\"1024\" height=\"678\" data-id=\"165\" src=\"https:\/\/apartamentyolenka.pl\/wp-content\/uploads\/2026\/02\/Apartament_4_1-1024x678.jpg\" alt=\"\" class=\"wp-image-165\" srcset=\"https:\/\/apartamentyolenka.pl\/wp-content\/uploads\/2026\/02\/Apartament_4_1-1024x678.jpg 1024w, https:\/\/apartamentyolenka.pl\/wp-content\/uploads\/2026\/02\/Apartament_4_1-300x199.jpg 300w, https:\/\/apartamentyolenka.pl\/wp-content\/uploads\/2026\/02\/Apartament_4_1-768x509.jpg 768w, https:\/\/apartamentyolenka.pl\/wp-content\/uploads\/2026\/02\/Apartament_4_1-1536x1017.jpg 1536w, https:\/\/apartamentyolenka.pl\/wp-content\/uploads\/2026\/02\/Apartament_4_1-2048x1356.jpg 2048w, https:\/\/apartamentyolenka.pl\/wp-content\/uploads\/2026\/02\/Apartament_4_1-1130x748.jpg 1130w, https:\/\/apartamentyolenka.pl\/wp-content\/uploads\/2026\/02\/Apartament_4_1-760x503.jpg 760w\" sizes=\"auto, (max-width: 1024px) 100vw, 1024px\" \/><\/figure>\n\n\n\n<figure class=\"wp-block-image size-large\"><img loading=\"lazy\" decoding=\"async\" width=\"678\" height=\"1024\" data-id=\"173\" src=\"https:\/\/apartamentyolenka.pl\/wp-content\/uploads\/2026\/02\/Apartament_4_9-678x1024.jpg\" alt=\"\" class=\"wp-image-173\" srcset=\"https:\/\/apartamentyolenka.pl\/wp-content\/uploads\/2026\/02\/Apartament_4_9-678x1024.jpg 678w, https:\/\/apartamentyolenka.pl\/wp-content\/uploads\/2026\/02\/Apartament_4_9-199x300.jpg 199w, https:\/\/apartamentyolenka.pl\/wp-content\/uploads\/2026\/02\/Apartament_4_9-768x1160.jpg 768w, https:\/\/apartamentyolenka.pl\/wp-content\/uploads\/2026\/02\/Apartament_4_9-1017x1536.jpg 1017w, https:\/\/apartamentyolenka.pl\/wp-content\/uploads\/2026\/02\/Apartament_4_9-1356x2048.jpg 1356w, https:\/\/apartamentyolenka.pl\/wp-content\/uploads\/2026\/02\/Apartament_4_9-1130x1706.jpg 1130w, https:\/\/apartamentyolenka.pl\/wp-content\/uploads\/2026\/02\/Apartament_4_9-760x1147.jpg 760w, https:\/\/apartamentyolenka.pl\/wp-content\/uploads\/2026\/02\/Apartament_4_9-scaled.jpg 1696w\" sizes=\"auto, (max-width: 678px) 100vw, 678px\" \/><\/figure>\n\n\n\n<figure class=\"wp-block-image size-large\"><img loading=\"lazy\" decoding=\"async\" width=\"1024\" height=\"678\" data-id=\"171\" src=\"https:\/\/apartamentyolenka.pl\/wp-content\/uploads\/2026\/02\/Apartament_4_7-1024x678.jpg\" alt=\"\" class=\"wp-image-171\" srcset=\"https:\/\/apartamentyolenka.pl\/wp-content\/uploads\/2026\/02\/Apartament_4_7-1024x678.jpg 1024w, https:\/\/apartamentyolenka.pl\/wp-content\/uploads\/2026\/02\/Apartament_4_7-300x199.jpg 300w, https:\/\/apartamentyolenka.pl\/wp-content\/uploads\/2026\/02\/Apartament_4_7-768x509.jpg 768w, https:\/\/apartamentyolenka.pl\/wp-content\/uploads\/2026\/02\/Apartament_4_7-1536x1017.jpg 1536w, https:\/\/apartamentyolenka.pl\/wp-content\/uploads\/2026\/02\/Apartament_4_7-2048x1356.jpg 2048w, https:\/\/apartamentyolenka.pl\/wp-content\/uploads\/2026\/02\/Apartament_4_7-1130x748.jpg 1130w, https:\/\/apartamentyolenka.pl\/wp-content\/uploads\/2026\/02\/Apartament_4_7-760x503.jpg 760w\" sizes=\"auto, (max-width: 1024px) 100vw, 1024px\" \/><\/figure>\n\n\n\n<figure class=\"wp-block-image size-large\"><img loading=\"lazy\" decoding=\"async\" width=\"678\" height=\"1024\" data-id=\"172\" src=\"https:\/\/apartamentyolenka.pl\/wp-content\/uploads\/2026\/02\/Apartament_4_8-678x1024.jpg\" alt=\"\" class=\"wp-image-172\" srcset=\"https:\/\/apartamentyolenka.pl\/wp-content\/uploads\/2026\/02\/Apartament_4_8-678x1024.jpg 678w, https:\/\/apartamentyolenka.pl\/wp-content\/uploads\/2026\/02\/Apartament_4_8-199x300.jpg 199w, https:\/\/apartamentyolenka.pl\/wp-content\/uploads\/2026\/02\/Apartament_4_8-768x1160.jpg 768w, https:\/\/apartamentyolenka.pl\/wp-content\/uploads\/2026\/02\/Apartament_4_8-1017x1536.jpg 1017w, https:\/\/apartamentyolenka.pl\/wp-content\/uploads\/2026\/02\/Apartament_4_8-1356x2048.jpg 1356w, https:\/\/apartamentyolenka.pl\/wp-content\/uploads\/2026\/02\/Apartament_4_8-1130x1706.jpg 1130w, https:\/\/apartamentyolenka.pl\/wp-content\/uploads\/2026\/02\/Apartament_4_8-760x1147.jpg 760w, https:\/\/apartamentyolenka.pl\/wp-content\/uploads\/2026\/02\/Apartament_4_8-scaled.jpg 1696w\" sizes=\"auto, (max-width: 678px) 100vw, 678px\" \/><\/figure>\n\n\n\n<figure class=\"wp-block-image size-large\"><img loading=\"lazy\" decoding=\"async\" width=\"678\" height=\"1024\" data-id=\"170\" src=\"https:\/\/apartamentyolenka.pl\/wp-content\/uploads\/2026\/02\/Apartament_4_6-678x1024.jpg\" alt=\"\" class=\"wp-image-170\" srcset=\"https:\/\/apartamentyolenka.pl\/wp-content\/uploads\/2026\/02\/Apartament_4_6-678x1024.jpg 678w, https:\/\/apartamentyolenka.pl\/wp-content\/uploads\/2026\/02\/Apartament_4_6-199x300.jpg 199w, https:\/\/apartamentyolenka.pl\/wp-content\/uploads\/2026\/02\/Apartament_4_6-768x1160.jpg 768w, https:\/\/apartamentyolenka.pl\/wp-content\/uploads\/2026\/02\/Apartament_4_6-1017x1536.jpg 1017w, https:\/\/apartamentyolenka.pl\/wp-content\/uploads\/2026\/02\/Apartament_4_6-1356x2048.jpg 1356w, https:\/\/apartamentyolenka.pl\/wp-content\/uploads\/2026\/02\/Apartament_4_6-1130x1706.jpg 1130w, https:\/\/apartamentyolenka.pl\/wp-content\/uploads\/2026\/02\/Apartament_4_6-760x1147.jpg 760w, https:\/\/apartamentyolenka.pl\/wp-content\/uploads\/2026\/02\/Apartament_4_6-scaled.jpg 1696w\" sizes=\"auto, (max-width: 678px) 100vw, 678px\" \/><\/figure>\n\n\n\n<figure class=\"wp-block-image size-large\"><img loading=\"lazy\" decoding=\"async\" width=\"678\" height=\"1024\" data-id=\"169\" src=\"https:\/\/apartamentyolenka.pl\/wp-content\/uploads\/2026\/02\/Apartament_4_5-678x1024.jpg\" alt=\"\" class=\"wp-image-169\" srcset=\"https:\/\/apartamentyolenka.pl\/wp-content\/uploads\/2026\/02\/Apartament_4_5-678x1024.jpg 678w, https:\/\/apartamentyolenka.pl\/wp-content\/uploads\/2026\/02\/Apartament_4_5-199x300.jpg 199w, https:\/\/apartamentyolenka.pl\/wp-content\/uploads\/2026\/02\/Apartament_4_5-768x1160.jpg 768w, https:\/\/apartamentyolenka.pl\/wp-content\/uploads\/2026\/02\/Apartament_4_5-1017x1536.jpg 1017w, https:\/\/apartamentyolenka.pl\/wp-content\/uploads\/2026\/02\/Apartament_4_5-1356x2048.jpg 1356w, https:\/\/apartamentyolenka.pl\/wp-content\/uploads\/2026\/02\/Apartament_4_5-1130x1706.jpg 1130w, https:\/\/apartamentyolenka.pl\/wp-content\/uploads\/2026\/02\/Apartament_4_5-760x1147.jpg 760w, https:\/\/apartamentyolenka.pl\/wp-content\/uploads\/2026\/02\/Apartament_4_5-scaled.jpg 1696w\" sizes=\"auto, (max-width: 678px) 100vw, 678px\" \/><\/figure>\n\n\n\n<figure class=\"wp-block-image size-large\"><img loading=\"lazy\" decoding=\"async\" width=\"678\" height=\"1024\" data-id=\"168\" src=\"https:\/\/apartamentyolenka.pl\/wp-content\/uploads\/2026\/02\/Apartament_4_4-678x1024.jpg\" alt=\"\" class=\"wp-image-168\" srcset=\"https:\/\/apartamentyolenka.pl\/wp-content\/uploads\/2026\/02\/Apartament_4_4-678x1024.jpg 678w, https:\/\/apartamentyolenka.pl\/wp-content\/uploads\/2026\/02\/Apartament_4_4-199x300.jpg 199w, https:\/\/apartamentyolenka.pl\/wp-content\/uploads\/2026\/02\/Apartament_4_4-768x1160.jpg 768w, https:\/\/apartamentyolenka.pl\/wp-content\/uploads\/2026\/02\/Apartament_4_4-1017x1536.jpg 1017w, https:\/\/apartamentyolenka.pl\/wp-content\/uploads\/2026\/02\/Apartament_4_4-1356x2048.jpg 1356w, https:\/\/apartamentyolenka.pl\/wp-content\/uploads\/2026\/02\/Apartament_4_4-1130x1706.jpg 1130w, https:\/\/apartamentyolenka.pl\/wp-content\/uploads\/2026\/02\/Apartament_4_4-760x1147.jpg 760w, https:\/\/apartamentyolenka.pl\/wp-content\/uploads\/2026\/02\/Apartament_4_4-scaled.jpg 1696w\" sizes=\"auto, (max-width: 678px) 100vw, 678px\" \/><\/figure>\n\n\n\n<figure class=\"wp-block-image size-large\"><img loading=\"lazy\" decoding=\"async\" width=\"678\" height=\"1024\" data-id=\"166\" src=\"https:\/\/apartamentyolenka.pl\/wp-content\/uploads\/2026\/02\/Apartament_4_2-678x1024.jpg\" alt=\"\" class=\"wp-image-166\" srcset=\"https:\/\/apartamentyolenka.pl\/wp-content\/uploads\/2026\/02\/Apartament_4_2-678x1024.jpg 678w, https:\/\/apartamentyolenka.pl\/wp-content\/uploads\/2026\/02\/Apartament_4_2-199x300.jpg 199w, https:\/\/apartamentyolenka.pl\/wp-content\/uploads\/2026\/02\/Apartament_4_2-768x1160.jpg 768w, https:\/\/apartamentyolenka.pl\/wp-content\/uploads\/2026\/02\/Apartament_4_2-1017x1536.jpg 1017w, https:\/\/apartamentyolenka.pl\/wp-content\/uploads\/2026\/02\/Apartament_4_2-1356x2048.jpg 1356w, https:\/\/apartamentyolenka.pl\/wp-content\/uploads\/2026\/02\/Apartament_4_2-1130x1706.jpg 1130w, https:\/\/apartamentyolenka.pl\/wp-content\/uploads\/2026\/02\/Apartament_4_2-760x1147.jpg 760w, https:\/\/apartamentyolenka.pl\/wp-content\/uploads\/2026\/02\/Apartament_4_2-scaled.jpg 1696w\" sizes=\"auto, (max-width: 678px) 100vw, 678px\" \/><\/figure>\n<\/figure>\n","protected":false},"excerpt":{"rendered":"<p>Dwupokojowy2-4 osobowy Wyposa\u017cenie: \u0142azienka wanna z prysznicem toaleta umywalka pralka suszaka do w\u0142os\u00f3w r\u0119czniki aneks kuchenny lod\u00f3wka zlew p\u0142yta indukcyjna czajnik elektryczny garnki, sztu\u0107ce naczynia \u0142\u00f3\u017cka salon- 1 podw\u00f3jne sypialnia &#8211; 1 podw\u00f3jne klimatyzacja TV szafa, komoda st\u00f3\u0142 i krzes\u0142a&#8230;<\/p>\n","protected":false},"author":1,"featured_media":0,"parent":0,"menu_order":0,"comment_status":"closed","ping_status":"closed","template":"template-full-width-page.php","meta":{"footnotes":""},"class_list":["post-79","page","type-page","status-publish","hentry"],"_links":{"self":[{"href":"https:\/\/apartamentyolenka.pl\/index.php?rest_route=\/wp\/v2\/pages\/79","targetHints":{"allow":["GET"]}}],"collection":[{"href":"https:\/\/apartamentyolenka.pl\/index.php?rest_route=\/wp\/v2\/pages"}],"about":[{"href":"https:\/\/apartamentyolenka.pl\/index.php?rest_route=\/wp\/v2\/types\/page"}],"author":[{"embeddable":true,"href":"https:\/\/apartamentyolenka.pl\/index.php?rest_route=\/wp\/v2\/users\/1"}],"replies":[{"embeddable":true,"href":"https:\/\/apartamentyolenka.pl\/index.php?rest_route=%2Fwp%2Fv2%2Fcomments&post=79"}],"version-history":[{"count":4,"href":"https:\/\/apartamentyolenka.pl\/index.php?rest_route=\/wp\/v2\/pages\/79\/revisions"}],"predecessor-version":[{"id":214,"href":"https:\/\/apartamentyolenka.pl\/index.php?rest_route=\/wp\/v2\/pages\/79\/revisions\/214"}],"wp:attachment":[{"href":"https:\/\/apartamentyolenka.pl\/index.php?rest_route=%2Fwp%2Fv2%2Fmedia&parent=79"}],"curies":[{"name":"wp","href":"https:\/\/api.w.org\/{rel}","templated":true}]}}