{"id":83,"date":"2026-02-14T17:19:10","date_gmt":"2026-02-14T17:19:10","guid":{"rendered":"https:\/\/apartamentyolenka.pl\/?page_id=83"},"modified":"2026-02-26T21:15:35","modified_gmt":"2026-02-26T21:15:35","slug":"apartament-nr-6","status":"publish","type":"page","link":"https:\/\/apartamentyolenka.pl\/?page_id=83","title":{"rendered":"Apartament nr 6"},"content":{"rendered":"\n<div class=\"wp-block-media-text has-media-on-the-right is-stacked-on-mobile is-vertically-aligned-top\"><div class=\"wp-block-media-text__content\">\n<p class=\"has-medium-font-size\">Trzypokojowy, dwupoziomowy<br>5-8 osobowy<\/p>\n<hr class=\"wp-block-separator has-text-color has-background has-luminous-vivid-amber-background-color has-luminous-vivid-amber-color is-style-wide\"\/>\n<p class=\"has-medium-font-size\">Wyposa\u017cenie:<\/p>\n<ul class=\"has-medium-font-size\"><li>\u0142azienka<ul><li>wanna z prysznicem<\/li><li>toaleta<\/li><li>umywalka<\/li><li>pralka<\/li><li>suszaka do w\u0142os\u00f3w<\/li><li>r\u0119czniki<\/li><\/ul><\/li><li>kuchnia<ul><li>lod\u00f3wka<\/li><li>zlew<\/li><li>p\u0142yta indukcyjna<\/li><li>czajnik elektryczny<\/li><li>garnki, sztu\u0107ce<\/li><li>naczynia<\/li><\/ul><\/li><li>\u0142\u00f3\u017cka<ul><li>salon- 1 podw\u00f3jne<\/li><li>sypialnia- 1 podw\u00f3jne<\/li><li>pok\u00f3j na pi\u0119trze- 4 pojedyncze<\/li><\/ul><\/li><li>klimatyzacja<\/li><li>2 TV<\/li><li>szafa, komoda<\/li><li>st\u00f3\u0142 i krzes\u0142a<\/li><li>stolik kawowy<\/li><li>\u017celazko i deska do prasowania<\/li><li>2 parawany<\/li><li>balkon (stolik + krzes\u0142a)<\/li><li>suszarka na pranie<\/li><\/ul>\n<hr class=\"wp-block-separator has-text-color has-background has-luminous-vivid-amber-background-color has-luminous-vivid-amber-color is-style-wide\"\/>\n<p class=\"has-medium-font-size\">Rozmiar apartamentu: 45 m2<br>Poziom: 2 pi\u0119tro<\/p>\n<\/div><figure class=\"wp-block-media-text__media\"><img loading=\"lazy\" decoding=\"async\" width=\"1024\" height=\"678\" src=\"https:\/\/apartamentyolenka.pl\/wp-content\/uploads\/2026\/02\/Apartament_6_3-1024x678.jpg\" alt=\"\" class=\"wp-image-177 size-full\" srcset=\"https:\/\/apartamentyolenka.pl\/wp-content\/uploads\/2026\/02\/Apartament_6_3-1024x678.jpg 1024w, https:\/\/apartamentyolenka.pl\/wp-content\/uploads\/2026\/02\/Apartament_6_3-300x199.jpg 300w, https:\/\/apartamentyolenka.pl\/wp-content\/uploads\/2026\/02\/Apartament_6_3-768x509.jpg 768w, https:\/\/apartamentyolenka.pl\/wp-content\/uploads\/2026\/02\/Apartament_6_3-1536x1017.jpg 1536w, https:\/\/apartamentyolenka.pl\/wp-content\/uploads\/2026\/02\/Apartament_6_3-1130x748.jpg 1130w, https:\/\/apartamentyolenka.pl\/wp-content\/uploads\/2026\/02\/Apartament_6_3-760x503.jpg 760w, https:\/\/apartamentyolenka.pl\/wp-content\/uploads\/2026\/02\/Apartament_6_3.jpg 2048w\" sizes=\"auto, (max-width: 1024px) 100vw, 1024px\" \/><\/figure><\/div>\n\n\n\n<figure class=\"wp-block-gallery has-nested-images columns-default is-cropped wp-block-gallery-1 is-layout-flex wp-block-gallery-is-layout-flex\">\n<figure class=\"wp-block-image size-large\"><img loading=\"lazy\" decoding=\"async\" width=\"678\" height=\"1024\" data-id=\"187\" src=\"https:\/\/apartamentyolenka.pl\/wp-content\/uploads\/2026\/02\/Apartament_6_13-678x1024.jpg\" alt=\"\" class=\"wp-image-187\" srcset=\"https:\/\/apartamentyolenka.pl\/wp-content\/uploads\/2026\/02\/Apartament_6_13-678x1024.jpg 678w, https:\/\/apartamentyolenka.pl\/wp-content\/uploads\/2026\/02\/Apartament_6_13-199x300.jpg 199w, https:\/\/apartamentyolenka.pl\/wp-content\/uploads\/2026\/02\/Apartament_6_13-768x1160.jpg 768w, https:\/\/apartamentyolenka.pl\/wp-content\/uploads\/2026\/02\/Apartament_6_13-1017x1536.jpg 1017w, https:\/\/apartamentyolenka.pl\/wp-content\/uploads\/2026\/02\/Apartament_6_13-1130x1707.jpg 1130w, https:\/\/apartamentyolenka.pl\/wp-content\/uploads\/2026\/02\/Apartament_6_13-760x1148.jpg 760w, https:\/\/apartamentyolenka.pl\/wp-content\/uploads\/2026\/02\/Apartament_6_13.jpg 1356w\" sizes=\"auto, (max-width: 678px) 100vw, 678px\" \/><\/figure>\n\n\n\n<figure class=\"wp-block-image size-large\"><img loading=\"lazy\" decoding=\"async\" width=\"1024\" height=\"678\" data-id=\"178\" src=\"https:\/\/apartamentyolenka.pl\/wp-content\/uploads\/2026\/02\/Apartament_6_4-1024x678.jpg\" alt=\"\" class=\"wp-image-178\" srcset=\"https:\/\/apartamentyolenka.pl\/wp-content\/uploads\/2026\/02\/Apartament_6_4-1024x678.jpg 1024w, https:\/\/apartamentyolenka.pl\/wp-content\/uploads\/2026\/02\/Apartament_6_4-300x199.jpg 300w, https:\/\/apartamentyolenka.pl\/wp-content\/uploads\/2026\/02\/Apartament_6_4-768x509.jpg 768w, https:\/\/apartamentyolenka.pl\/wp-content\/uploads\/2026\/02\/Apartament_6_4-1536x1017.jpg 1536w, https:\/\/apartamentyolenka.pl\/wp-content\/uploads\/2026\/02\/Apartament_6_4-1130x748.jpg 1130w, https:\/\/apartamentyolenka.pl\/wp-content\/uploads\/2026\/02\/Apartament_6_4-760x503.jpg 760w, https:\/\/apartamentyolenka.pl\/wp-content\/uploads\/2026\/02\/Apartament_6_4.jpg 2048w\" sizes=\"auto, (max-width: 1024px) 100vw, 1024px\" \/><\/figure>\n\n\n\n<figure class=\"wp-block-image size-large\"><img loading=\"lazy\" decoding=\"async\" width=\"1024\" height=\"678\" data-id=\"186\" src=\"https:\/\/apartamentyolenka.pl\/wp-content\/uploads\/2026\/02\/Apartament_6_12-1024x678.jpg\" alt=\"\" class=\"wp-image-186\" srcset=\"https:\/\/apartamentyolenka.pl\/wp-content\/uploads\/2026\/02\/Apartament_6_12-1024x678.jpg 1024w, https:\/\/apartamentyolenka.pl\/wp-content\/uploads\/2026\/02\/Apartament_6_12-300x199.jpg 300w, https:\/\/apartamentyolenka.pl\/wp-content\/uploads\/2026\/02\/Apartament_6_12-768x509.jpg 768w, https:\/\/apartamentyolenka.pl\/wp-content\/uploads\/2026\/02\/Apartament_6_12-1536x1017.jpg 1536w, https:\/\/apartamentyolenka.pl\/wp-content\/uploads\/2026\/02\/Apartament_6_12-1130x748.jpg 1130w, https:\/\/apartamentyolenka.pl\/wp-content\/uploads\/2026\/02\/Apartament_6_12-760x503.jpg 760w, https:\/\/apartamentyolenka.pl\/wp-content\/uploads\/2026\/02\/Apartament_6_12.jpg 2048w\" sizes=\"auto, (max-width: 1024px) 100vw, 1024px\" \/><\/figure>\n\n\n\n<figure class=\"wp-block-image size-large\"><img loading=\"lazy\" decoding=\"async\" width=\"960\" height=\"636\" data-id=\"185\" src=\"https:\/\/apartamentyolenka.pl\/wp-content\/uploads\/2026\/02\/Apartament_6_11.jpg\" alt=\"\" class=\"wp-image-185\" srcset=\"https:\/\/apartamentyolenka.pl\/wp-content\/uploads\/2026\/02\/Apartament_6_11.jpg 960w, https:\/\/apartamentyolenka.pl\/wp-content\/uploads\/2026\/02\/Apartament_6_11-300x199.jpg 300w, https:\/\/apartamentyolenka.pl\/wp-content\/uploads\/2026\/02\/Apartament_6_11-768x509.jpg 768w, https:\/\/apartamentyolenka.pl\/wp-content\/uploads\/2026\/02\/Apartament_6_11-760x504.jpg 760w\" sizes=\"auto, (max-width: 960px) 100vw, 960px\" \/><\/figure>\n\n\n\n<figure class=\"wp-block-image size-large\"><img loading=\"lazy\" decoding=\"async\" width=\"960\" height=\"635\" data-id=\"175\" src=\"https:\/\/apartamentyolenka.pl\/wp-content\/uploads\/2026\/02\/Apartament_6_1.jpg\" alt=\"\" class=\"wp-image-175\" srcset=\"https:\/\/apartamentyolenka.pl\/wp-content\/uploads\/2026\/02\/Apartament_6_1.jpg 960w, https:\/\/apartamentyolenka.pl\/wp-content\/uploads\/2026\/02\/Apartament_6_1-300x198.jpg 300w, https:\/\/apartamentyolenka.pl\/wp-content\/uploads\/2026\/02\/Apartament_6_1-768x508.jpg 768w, https:\/\/apartamentyolenka.pl\/wp-content\/uploads\/2026\/02\/Apartament_6_1-760x503.jpg 760w\" sizes=\"auto, (max-width: 960px) 100vw, 960px\" \/><\/figure>\n\n\n\n<figure class=\"wp-block-image size-large\"><img loading=\"lazy\" decoding=\"async\" width=\"1024\" height=\"678\" data-id=\"176\" src=\"https:\/\/apartamentyolenka.pl\/wp-content\/uploads\/2026\/02\/Apartament_6_2-1024x678.jpg\" alt=\"\" class=\"wp-image-176\" srcset=\"https:\/\/apartamentyolenka.pl\/wp-content\/uploads\/2026\/02\/Apartament_6_2-1024x678.jpg 1024w, https:\/\/apartamentyolenka.pl\/wp-content\/uploads\/2026\/02\/Apartament_6_2-300x199.jpg 300w, https:\/\/apartamentyolenka.pl\/wp-content\/uploads\/2026\/02\/Apartament_6_2-768x509.jpg 768w, https:\/\/apartamentyolenka.pl\/wp-content\/uploads\/2026\/02\/Apartament_6_2-1536x1017.jpg 1536w, https:\/\/apartamentyolenka.pl\/wp-content\/uploads\/2026\/02\/Apartament_6_2-1130x748.jpg 1130w, https:\/\/apartamentyolenka.pl\/wp-content\/uploads\/2026\/02\/Apartament_6_2-760x503.jpg 760w, https:\/\/apartamentyolenka.pl\/wp-content\/uploads\/2026\/02\/Apartament_6_2.jpg 2048w\" sizes=\"auto, (max-width: 1024px) 100vw, 1024px\" \/><\/figure>\n\n\n\n<figure class=\"wp-block-image size-large\"><img loading=\"lazy\" decoding=\"async\" width=\"1024\" height=\"678\" data-id=\"183\" src=\"https:\/\/apartamentyolenka.pl\/wp-content\/uploads\/2026\/02\/Apartament_6_9-1024x678.jpg\" alt=\"\" class=\"wp-image-183\" srcset=\"https:\/\/apartamentyolenka.pl\/wp-content\/uploads\/2026\/02\/Apartament_6_9-1024x678.jpg 1024w, https:\/\/apartamentyolenka.pl\/wp-content\/uploads\/2026\/02\/Apartament_6_9-300x199.jpg 300w, https:\/\/apartamentyolenka.pl\/wp-content\/uploads\/2026\/02\/Apartament_6_9-768x509.jpg 768w, https:\/\/apartamentyolenka.pl\/wp-content\/uploads\/2026\/02\/Apartament_6_9-1536x1017.jpg 1536w, https:\/\/apartamentyolenka.pl\/wp-content\/uploads\/2026\/02\/Apartament_6_9-1130x748.jpg 1130w, https:\/\/apartamentyolenka.pl\/wp-content\/uploads\/2026\/02\/Apartament_6_9-760x503.jpg 760w, https:\/\/apartamentyolenka.pl\/wp-content\/uploads\/2026\/02\/Apartament_6_9.jpg 2048w\" sizes=\"auto, (max-width: 1024px) 100vw, 1024px\" \/><\/figure>\n\n\n\n<figure class=\"wp-block-image size-large\"><img loading=\"lazy\" decoding=\"async\" width=\"1024\" height=\"678\" data-id=\"184\" src=\"https:\/\/apartamentyolenka.pl\/wp-content\/uploads\/2026\/02\/Apartament_6_10-1024x678.jpg\" alt=\"\" class=\"wp-image-184\" srcset=\"https:\/\/apartamentyolenka.pl\/wp-content\/uploads\/2026\/02\/Apartament_6_10-1024x678.jpg 1024w, https:\/\/apartamentyolenka.pl\/wp-content\/uploads\/2026\/02\/Apartament_6_10-300x199.jpg 300w, https:\/\/apartamentyolenka.pl\/wp-content\/uploads\/2026\/02\/Apartament_6_10-768x509.jpg 768w, https:\/\/apartamentyolenka.pl\/wp-content\/uploads\/2026\/02\/Apartament_6_10-1536x1017.jpg 1536w, https:\/\/apartamentyolenka.pl\/wp-content\/uploads\/2026\/02\/Apartament_6_10-1130x748.jpg 1130w, https:\/\/apartamentyolenka.pl\/wp-content\/uploads\/2026\/02\/Apartament_6_10-760x503.jpg 760w, https:\/\/apartamentyolenka.pl\/wp-content\/uploads\/2026\/02\/Apartament_6_10.jpg 2048w\" sizes=\"auto, (max-width: 1024px) 100vw, 1024px\" \/><\/figure>\n\n\n\n<figure class=\"wp-block-image size-large\"><img loading=\"lazy\" decoding=\"async\" width=\"637\" height=\"960\" data-id=\"180\" src=\"https:\/\/apartamentyolenka.pl\/wp-content\/uploads\/2026\/02\/Apartament_6_6.jpg\" alt=\"\" class=\"wp-image-180\" srcset=\"https:\/\/apartamentyolenka.pl\/wp-content\/uploads\/2026\/02\/Apartament_6_6.jpg 637w, https:\/\/apartamentyolenka.pl\/wp-content\/uploads\/2026\/02\/Apartament_6_6-199x300.jpg 199w\" sizes=\"auto, (max-width: 637px) 100vw, 637px\" \/><\/figure>\n\n\n\n<figure class=\"wp-block-image size-large\"><img loading=\"lazy\" decoding=\"async\" width=\"1024\" height=\"678\" data-id=\"181\" src=\"https:\/\/apartamentyolenka.pl\/wp-content\/uploads\/2026\/02\/Apartament_6_7-1024x678.jpg\" alt=\"\" class=\"wp-image-181\" srcset=\"https:\/\/apartamentyolenka.pl\/wp-content\/uploads\/2026\/02\/Apartament_6_7-1024x678.jpg 1024w, https:\/\/apartamentyolenka.pl\/wp-content\/uploads\/2026\/02\/Apartament_6_7-300x199.jpg 300w, https:\/\/apartamentyolenka.pl\/wp-content\/uploads\/2026\/02\/Apartament_6_7-768x509.jpg 768w, https:\/\/apartamentyolenka.pl\/wp-content\/uploads\/2026\/02\/Apartament_6_7-1536x1017.jpg 1536w, https:\/\/apartamentyolenka.pl\/wp-content\/uploads\/2026\/02\/Apartament_6_7-1130x748.jpg 1130w, https:\/\/apartamentyolenka.pl\/wp-content\/uploads\/2026\/02\/Apartament_6_7-760x503.jpg 760w, https:\/\/apartamentyolenka.pl\/wp-content\/uploads\/2026\/02\/Apartament_6_7.jpg 2048w\" sizes=\"auto, (max-width: 1024px) 100vw, 1024px\" \/><\/figure>\n\n\n\n<figure class=\"wp-block-image size-large\"><img loading=\"lazy\" decoding=\"async\" width=\"1024\" height=\"678\" data-id=\"182\" src=\"https:\/\/apartamentyolenka.pl\/wp-content\/uploads\/2026\/02\/Apartament_6_8-1024x678.jpg\" alt=\"\" class=\"wp-image-182\" srcset=\"https:\/\/apartamentyolenka.pl\/wp-content\/uploads\/2026\/02\/Apartament_6_8-1024x678.jpg 1024w, https:\/\/apartamentyolenka.pl\/wp-content\/uploads\/2026\/02\/Apartament_6_8-300x199.jpg 300w, https:\/\/apartamentyolenka.pl\/wp-content\/uploads\/2026\/02\/Apartament_6_8-768x509.jpg 768w, https:\/\/apartamentyolenka.pl\/wp-content\/uploads\/2026\/02\/Apartament_6_8-1536x1017.jpg 1536w, https:\/\/apartamentyolenka.pl\/wp-content\/uploads\/2026\/02\/Apartament_6_8-1130x748.jpg 1130w, https:\/\/apartamentyolenka.pl\/wp-content\/uploads\/2026\/02\/Apartament_6_8-760x503.jpg 760w, https:\/\/apartamentyolenka.pl\/wp-content\/uploads\/2026\/02\/Apartament_6_8.jpg 2048w\" sizes=\"auto, (max-width: 1024px) 100vw, 1024px\" \/><\/figure>\n\n\n\n<figure class=\"wp-block-image size-large\"><img loading=\"lazy\" decoding=\"async\" width=\"1024\" height=\"678\" data-id=\"179\" src=\"https:\/\/apartamentyolenka.pl\/wp-content\/uploads\/2026\/02\/Apartament_6_5-1024x678.jpg\" alt=\"\" class=\"wp-image-179\" srcset=\"https:\/\/apartamentyolenka.pl\/wp-content\/uploads\/2026\/02\/Apartament_6_5-1024x678.jpg 1024w, https:\/\/apartamentyolenka.pl\/wp-content\/uploads\/2026\/02\/Apartament_6_5-300x199.jpg 300w, https:\/\/apartamentyolenka.pl\/wp-content\/uploads\/2026\/02\/Apartament_6_5-768x509.jpg 768w, https:\/\/apartamentyolenka.pl\/wp-content\/uploads\/2026\/02\/Apartament_6_5-1536x1017.jpg 1536w, https:\/\/apartamentyolenka.pl\/wp-content\/uploads\/2026\/02\/Apartament_6_5-1130x748.jpg 1130w, https:\/\/apartamentyolenka.pl\/wp-content\/uploads\/2026\/02\/Apartament_6_5-760x503.jpg 760w, https:\/\/apartamentyolenka.pl\/wp-content\/uploads\/2026\/02\/Apartament_6_5.jpg 2048w\" sizes=\"auto, (max-width: 1024px) 100vw, 1024px\" \/><\/figure>\n<\/figure>\n","protected":false},"excerpt":{"rendered":"<p>Trzypokojowy, dwupoziomowy5-8 osobowy Wyposa\u017cenie: \u0142azienka wanna z prysznicem toaleta umywalka pralka suszaka do w\u0142os\u00f3w r\u0119czniki kuchnia lod\u00f3wka zlew p\u0142yta indukcyjna czajnik elektryczny garnki, sztu\u0107ce naczynia \u0142\u00f3\u017cka salon- 1 podw\u00f3jne sypialnia- 1 podw\u00f3jne pok\u00f3j na pi\u0119trze- 4 pojedyncze klimatyzacja 2 TV&#8230;<\/p>\n","protected":false},"author":1,"featured_media":0,"parent":0,"menu_order":0,"comment_status":"closed","ping_status":"closed","template":"template-full-width-page.php","meta":{"footnotes":""},"class_list":["post-83","page","type-page","status-publish","hentry"],"_links":{"self":[{"href":"https:\/\/apartamentyolenka.pl\/index.php?rest_route=\/wp\/v2\/pages\/83","targetHints":{"allow":["GET"]}}],"collection":[{"href":"https:\/\/apartamentyolenka.pl\/index.php?rest_route=\/wp\/v2\/pages"}],"about":[{"href":"https:\/\/apartamentyolenka.pl\/index.php?rest_route=\/wp\/v2\/types\/page"}],"author":[{"embeddable":true,"href":"https:\/\/apartamentyolenka.pl\/index.php?rest_route=\/wp\/v2\/users\/1"}],"replies":[{"embeddable":true,"href":"https:\/\/apartamentyolenka.pl\/index.php?rest_route=%2Fwp%2Fv2%2Fcomments&post=83"}],"version-history":[{"count":4,"href":"https:\/\/apartamentyolenka.pl\/index.php?rest_route=\/wp\/v2\/pages\/83\/revisions"}],"predecessor-version":[{"id":213,"href":"https:\/\/apartamentyolenka.pl\/index.php?rest_route=\/wp\/v2\/pages\/83\/revisions\/213"}],"wp:attachment":[{"href":"https:\/\/apartamentyolenka.pl\/index.php?rest_route=%2Fwp%2Fv2%2Fmedia&parent=83"}],"curies":[{"name":"wp","href":"https:\/\/api.w.org\/{rel}","templated":true}]}}