{"id":85,"date":"2026-02-14T17:19:25","date_gmt":"2026-02-14T17:19:25","guid":{"rendered":"https:\/\/apartamentyolenka.pl\/?page_id=85"},"modified":"2026-02-26T21:15:22","modified_gmt":"2026-02-26T21:15:22","slug":"apartament-nr-7","status":"publish","type":"page","link":"https:\/\/apartamentyolenka.pl\/?page_id=85","title":{"rendered":"Apartament nr 7"},"content":{"rendered":"\n<div class=\"wp-block-media-text has-media-on-the-right is-stacked-on-mobile is-vertically-aligned-top\"><div class=\"wp-block-media-text__content\">\n<p class=\"has-medium-font-size\">Jednopokojowy<br>2-3 osobowy<\/p>\n<hr class=\"wp-block-separator has-text-color has-background has-luminous-vivid-amber-background-color has-luminous-vivid-amber-color is-style-wide\"\/>\n<p class=\"has-medium-font-size\">Wyposa\u017cenie:<\/p>\n<ul class=\"has-medium-font-size\"><li>\u0142azienka<ul><li>prysznic<\/li><li>toaleta<\/li><li>umywalka<\/li><\/ul><ul><li>suszaka do w\u0142os\u00f3w<\/li><li>r\u0119czniki<\/li><\/ul><\/li><li>aneks kuchenny<ul><li>lod\u00f3wka<\/li><li>zlew<\/li><li>p\u0142yta indukcyjna<\/li><li>czajnik elektryczny<\/li><li>garnki, sztu\u0107ce<\/li><li>naczynia<\/li><\/ul><\/li><li>\u0142\u00f3\u017cka<ul><li>1 podw\u00f3jne<\/li><li>1 pojedyncze<\/li><\/ul><\/li><li>klimatyzacja<\/li><li>TV<\/li><li>szafa, komoda<\/li><li>st\u00f3\u0142 i krzes\u0142a<\/li><li>stolik kawowy<\/li><li>\u017celazko i deska do prasowania<\/li><\/ul>\n<p><\/p>\n<p><\/p>\n<p class=\"has-medium-font-size\">Udogodnienia dla niepe\u0142nosprawnych:<\/p>\n<ul class=\"has-medium-font-size\"><li>G\u0142\u00f3wne wej\u015bcie do apartamentu z poziomu ulicy<\/li><li>Szerokie drzwi<\/li><li>Przestrze\u0144 pod \u0142\u00f3\u017ckiem pojedy\u0144czym 20 cm<\/li><li>Kontakty i w\u0142\u0105czniki \u015bwiat\u0142a na obni\u017conej wysoko\u015bci<\/li><li>Uchwyty i por\u0119cze przy ubikacji i pod prysznicem<\/li><li>Bezprogowy prysznic<\/li><li>Siedzisko pod prysznicem<\/li><\/ul>\n<p><\/p>\n<hr class=\"wp-block-separator has-text-color has-background has-luminous-vivid-amber-background-color has-luminous-vivid-amber-color is-style-wide\"\/>\n<p class=\"has-medium-font-size\">Rozmiar apartamentu: 26 m2<br>Poziom: parter<\/p>\n<\/div><figure class=\"wp-block-media-text__media\"><img loading=\"lazy\" decoding=\"async\" width=\"1024\" height=\"768\" src=\"https:\/\/apartamentyolenka.pl\/wp-content\/uploads\/2026\/02\/Apartament_7_9-1024x768.jpeg\" alt=\"\" class=\"wp-image-196 size-full\" srcset=\"https:\/\/apartamentyolenka.pl\/wp-content\/uploads\/2026\/02\/Apartament_7_9-1024x768.jpeg 1024w, https:\/\/apartamentyolenka.pl\/wp-content\/uploads\/2026\/02\/Apartament_7_9-300x225.jpeg 300w, https:\/\/apartamentyolenka.pl\/wp-content\/uploads\/2026\/02\/Apartament_7_9-768x576.jpeg 768w, https:\/\/apartamentyolenka.pl\/wp-content\/uploads\/2026\/02\/Apartament_7_9-1536x1152.jpeg 1536w, https:\/\/apartamentyolenka.pl\/wp-content\/uploads\/2026\/02\/Apartament_7_9-1130x848.jpeg 1130w, https:\/\/apartamentyolenka.pl\/wp-content\/uploads\/2026\/02\/Apartament_7_9-760x570.jpeg 760w, https:\/\/apartamentyolenka.pl\/wp-content\/uploads\/2026\/02\/Apartament_7_9.jpeg 1600w\" sizes=\"auto, (max-width: 1024px) 100vw, 1024px\" \/><\/figure><\/div>\n\n\n\n<figure class=\"wp-block-gallery has-nested-images columns-default is-cropped wp-block-gallery-1 is-layout-flex wp-block-gallery-is-layout-flex\">\n<figure class=\"wp-block-image size-large\"><img loading=\"lazy\" decoding=\"async\" width=\"1024\" height=\"768\" data-id=\"194\" src=\"https:\/\/apartamentyolenka.pl\/wp-content\/uploads\/2026\/02\/Apartament_7_7-1024x768.jpeg\" alt=\"\" class=\"wp-image-194\" srcset=\"https:\/\/apartamentyolenka.pl\/wp-content\/uploads\/2026\/02\/Apartament_7_7-1024x768.jpeg 1024w, https:\/\/apartamentyolenka.pl\/wp-content\/uploads\/2026\/02\/Apartament_7_7-300x225.jpeg 300w, https:\/\/apartamentyolenka.pl\/wp-content\/uploads\/2026\/02\/Apartament_7_7-768x576.jpeg 768w, https:\/\/apartamentyolenka.pl\/wp-content\/uploads\/2026\/02\/Apartament_7_7-1536x1152.jpeg 1536w, https:\/\/apartamentyolenka.pl\/wp-content\/uploads\/2026\/02\/Apartament_7_7-1130x848.jpeg 1130w, https:\/\/apartamentyolenka.pl\/wp-content\/uploads\/2026\/02\/Apartament_7_7-760x570.jpeg 760w, https:\/\/apartamentyolenka.pl\/wp-content\/uploads\/2026\/02\/Apartament_7_7.jpeg 1600w\" sizes=\"auto, (max-width: 1024px) 100vw, 1024px\" \/><\/figure>\n\n\n\n<figure class=\"wp-block-image size-large\"><img loading=\"lazy\" decoding=\"async\" width=\"1024\" height=\"768\" data-id=\"195\" src=\"https:\/\/apartamentyolenka.pl\/wp-content\/uploads\/2026\/02\/Apartament_7_8-1024x768.jpeg\" alt=\"\" class=\"wp-image-195\" srcset=\"https:\/\/apartamentyolenka.pl\/wp-content\/uploads\/2026\/02\/Apartament_7_8-1024x768.jpeg 1024w, https:\/\/apartamentyolenka.pl\/wp-content\/uploads\/2026\/02\/Apartament_7_8-300x225.jpeg 300w, https:\/\/apartamentyolenka.pl\/wp-content\/uploads\/2026\/02\/Apartament_7_8-768x576.jpeg 768w, https:\/\/apartamentyolenka.pl\/wp-content\/uploads\/2026\/02\/Apartament_7_8-1536x1152.jpeg 1536w, https:\/\/apartamentyolenka.pl\/wp-content\/uploads\/2026\/02\/Apartament_7_8-1130x848.jpeg 1130w, https:\/\/apartamentyolenka.pl\/wp-content\/uploads\/2026\/02\/Apartament_7_8-760x570.jpeg 760w, https:\/\/apartamentyolenka.pl\/wp-content\/uploads\/2026\/02\/Apartament_7_8.jpeg 1600w\" sizes=\"auto, (max-width: 1024px) 100vw, 1024px\" \/><\/figure>\n\n\n\n<figure class=\"wp-block-image size-large\"><img loading=\"lazy\" decoding=\"async\" width=\"1024\" height=\"768\" data-id=\"193\" src=\"https:\/\/apartamentyolenka.pl\/wp-content\/uploads\/2026\/02\/Apartament_7_6-1024x768.jpeg\" alt=\"\" class=\"wp-image-193\" srcset=\"https:\/\/apartamentyolenka.pl\/wp-content\/uploads\/2026\/02\/Apartament_7_6-1024x768.jpeg 1024w, https:\/\/apartamentyolenka.pl\/wp-content\/uploads\/2026\/02\/Apartament_7_6-300x225.jpeg 300w, https:\/\/apartamentyolenka.pl\/wp-content\/uploads\/2026\/02\/Apartament_7_6-768x576.jpeg 768w, https:\/\/apartamentyolenka.pl\/wp-content\/uploads\/2026\/02\/Apartament_7_6-1536x1152.jpeg 1536w, https:\/\/apartamentyolenka.pl\/wp-content\/uploads\/2026\/02\/Apartament_7_6-1130x848.jpeg 1130w, https:\/\/apartamentyolenka.pl\/wp-content\/uploads\/2026\/02\/Apartament_7_6-760x570.jpeg 760w, https:\/\/apartamentyolenka.pl\/wp-content\/uploads\/2026\/02\/Apartament_7_6.jpeg 1600w\" sizes=\"auto, (max-width: 1024px) 100vw, 1024px\" \/><\/figure>\n\n\n\n<figure class=\"wp-block-image size-large\"><img loading=\"lazy\" decoding=\"async\" width=\"1024\" height=\"768\" data-id=\"192\" src=\"https:\/\/apartamentyolenka.pl\/wp-content\/uploads\/2026\/02\/Apartament_7_5-1024x768.jpeg\" alt=\"\" class=\"wp-image-192\" srcset=\"https:\/\/apartamentyolenka.pl\/wp-content\/uploads\/2026\/02\/Apartament_7_5-1024x768.jpeg 1024w, https:\/\/apartamentyolenka.pl\/wp-content\/uploads\/2026\/02\/Apartament_7_5-300x225.jpeg 300w, https:\/\/apartamentyolenka.pl\/wp-content\/uploads\/2026\/02\/Apartament_7_5-768x576.jpeg 768w, https:\/\/apartamentyolenka.pl\/wp-content\/uploads\/2026\/02\/Apartament_7_5-1536x1152.jpeg 1536w, https:\/\/apartamentyolenka.pl\/wp-content\/uploads\/2026\/02\/Apartament_7_5-1130x848.jpeg 1130w, https:\/\/apartamentyolenka.pl\/wp-content\/uploads\/2026\/02\/Apartament_7_5-760x570.jpeg 760w, https:\/\/apartamentyolenka.pl\/wp-content\/uploads\/2026\/02\/Apartament_7_5.jpeg 1600w\" sizes=\"auto, (max-width: 1024px) 100vw, 1024px\" \/><\/figure>\n\n\n\n<figure class=\"wp-block-image size-large\"><img loading=\"lazy\" decoding=\"async\" width=\"768\" height=\"1024\" data-id=\"190\" src=\"https:\/\/apartamentyolenka.pl\/wp-content\/uploads\/2026\/02\/Apartament_7_3-768x1024.jpeg\" alt=\"\" class=\"wp-image-190\" srcset=\"https:\/\/apartamentyolenka.pl\/wp-content\/uploads\/2026\/02\/Apartament_7_3-768x1024.jpeg 768w, https:\/\/apartamentyolenka.pl\/wp-content\/uploads\/2026\/02\/Apartament_7_3-225x300.jpeg 225w, https:\/\/apartamentyolenka.pl\/wp-content\/uploads\/2026\/02\/Apartament_7_3-1152x1536.jpeg 1152w, https:\/\/apartamentyolenka.pl\/wp-content\/uploads\/2026\/02\/Apartament_7_3-1130x1507.jpeg 1130w, https:\/\/apartamentyolenka.pl\/wp-content\/uploads\/2026\/02\/Apartament_7_3-760x1013.jpeg 760w, https:\/\/apartamentyolenka.pl\/wp-content\/uploads\/2026\/02\/Apartament_7_3.jpeg 1200w\" sizes=\"auto, (max-width: 768px) 100vw, 768px\" \/><\/figure>\n\n\n\n<figure class=\"wp-block-image size-large\"><img loading=\"lazy\" decoding=\"async\" width=\"768\" height=\"1024\" data-id=\"191\" src=\"https:\/\/apartamentyolenka.pl\/wp-content\/uploads\/2026\/02\/Apartament_7_4-768x1024.jpeg\" alt=\"\" class=\"wp-image-191\" srcset=\"https:\/\/apartamentyolenka.pl\/wp-content\/uploads\/2026\/02\/Apartament_7_4-768x1024.jpeg 768w, https:\/\/apartamentyolenka.pl\/wp-content\/uploads\/2026\/02\/Apartament_7_4-225x300.jpeg 225w, https:\/\/apartamentyolenka.pl\/wp-content\/uploads\/2026\/02\/Apartament_7_4-1152x1536.jpeg 1152w, https:\/\/apartamentyolenka.pl\/wp-content\/uploads\/2026\/02\/Apartament_7_4-1130x1507.jpeg 1130w, https:\/\/apartamentyolenka.pl\/wp-content\/uploads\/2026\/02\/Apartament_7_4-760x1013.jpeg 760w, https:\/\/apartamentyolenka.pl\/wp-content\/uploads\/2026\/02\/Apartament_7_4.jpeg 1200w\" sizes=\"auto, (max-width: 768px) 100vw, 768px\" \/><\/figure>\n\n\n\n<figure class=\"wp-block-image size-large\"><img loading=\"lazy\" decoding=\"async\" width=\"768\" height=\"1024\" data-id=\"188\" src=\"https:\/\/apartamentyolenka.pl\/wp-content\/uploads\/2026\/02\/Apartament_7_1-768x1024.jpeg\" alt=\"\" class=\"wp-image-188\" srcset=\"https:\/\/apartamentyolenka.pl\/wp-content\/uploads\/2026\/02\/Apartament_7_1-768x1024.jpeg 768w, https:\/\/apartamentyolenka.pl\/wp-content\/uploads\/2026\/02\/Apartament_7_1-225x300.jpeg 225w, https:\/\/apartamentyolenka.pl\/wp-content\/uploads\/2026\/02\/Apartament_7_1-1152x1536.jpeg 1152w, https:\/\/apartamentyolenka.pl\/wp-content\/uploads\/2026\/02\/Apartament_7_1-1130x1507.jpeg 1130w, https:\/\/apartamentyolenka.pl\/wp-content\/uploads\/2026\/02\/Apartament_7_1-760x1013.jpeg 760w, https:\/\/apartamentyolenka.pl\/wp-content\/uploads\/2026\/02\/Apartament_7_1.jpeg 1200w\" sizes=\"auto, (max-width: 768px) 100vw, 768px\" \/><\/figure>\n\n\n\n<figure class=\"wp-block-image size-large\"><img loading=\"lazy\" decoding=\"async\" width=\"768\" height=\"1024\" data-id=\"189\" src=\"https:\/\/apartamentyolenka.pl\/wp-content\/uploads\/2026\/02\/Apartament_7_2-768x1024.jpeg\" alt=\"\" class=\"wp-image-189\" srcset=\"https:\/\/apartamentyolenka.pl\/wp-content\/uploads\/2026\/02\/Apartament_7_2-768x1024.jpeg 768w, https:\/\/apartamentyolenka.pl\/wp-content\/uploads\/2026\/02\/Apartament_7_2-225x300.jpeg 225w, https:\/\/apartamentyolenka.pl\/wp-content\/uploads\/2026\/02\/Apartament_7_2-1152x1536.jpeg 1152w, https:\/\/apartamentyolenka.pl\/wp-content\/uploads\/2026\/02\/Apartament_7_2-1130x1507.jpeg 1130w, https:\/\/apartamentyolenka.pl\/wp-content\/uploads\/2026\/02\/Apartament_7_2-760x1013.jpeg 760w, https:\/\/apartamentyolenka.pl\/wp-content\/uploads\/2026\/02\/Apartament_7_2.jpeg 1200w\" sizes=\"auto, (max-width: 768px) 100vw, 768px\" \/><\/figure>\n<\/figure>\n\n\n\n<p><\/p>\n","protected":false},"excerpt":{"rendered":"<p>Jednopokojowy2-3 osobowy Wyposa\u017cenie: \u0142azienka prysznic toaleta umywalka suszaka do w\u0142os\u00f3w r\u0119czniki aneks kuchenny lod\u00f3wka zlew p\u0142yta indukcyjna czajnik elektryczny garnki, sztu\u0107ce naczynia \u0142\u00f3\u017cka 1 podw\u00f3jne 1 pojedyncze klimatyzacja TV szafa, komoda st\u00f3\u0142 i krzes\u0142a stolik kawowy \u017celazko i deska do&#8230;<\/p>\n","protected":false},"author":1,"featured_media":0,"parent":0,"menu_order":0,"comment_status":"closed","ping_status":"closed","template":"template-full-width-page.php","meta":{"footnotes":""},"class_list":["post-85","page","type-page","status-publish","hentry"],"_links":{"self":[{"href":"https:\/\/apartamentyolenka.pl\/index.php?rest_route=\/wp\/v2\/pages\/85","targetHints":{"allow":["GET"]}}],"collection":[{"href":"https:\/\/apartamentyolenka.pl\/index.php?rest_route=\/wp\/v2\/pages"}],"about":[{"href":"https:\/\/apartamentyolenka.pl\/index.php?rest_route=\/wp\/v2\/types\/page"}],"author":[{"embeddable":true,"href":"https:\/\/apartamentyolenka.pl\/index.php?rest_route=\/wp\/v2\/users\/1"}],"replies":[{"embeddable":true,"href":"https:\/\/apartamentyolenka.pl\/index.php?rest_route=%2Fwp%2Fv2%2Fcomments&post=85"}],"version-history":[{"count":5,"href":"https:\/\/apartamentyolenka.pl\/index.php?rest_route=\/wp\/v2\/pages\/85\/revisions"}],"predecessor-version":[{"id":212,"href":"https:\/\/apartamentyolenka.pl\/index.php?rest_route=\/wp\/v2\/pages\/85\/revisions\/212"}],"wp:attachment":[{"href":"https:\/\/apartamentyolenka.pl\/index.php?rest_route=%2Fwp%2Fv2%2Fmedia&parent=85"}],"curies":[{"name":"wp","href":"https:\/\/api.w.org\/{rel}","templated":true}]}}